{"id":1426,"date":"2025-01-21T12:05:19","date_gmt":"2025-01-21T11:05:19","guid":{"rendered":"https:\/\/www.roentgen-service.ch\/?post_type=product&#038;p=1426"},"modified":"2025-02-05T11:23:25","modified_gmt":"2025-02-05T10:23:25","slug":"amadeo-r-motorised-4","status":"publish","type":"product","link":"https:\/\/www.roentgen-service.ch\/fr\/produit\/medecine-veterinaire\/stationnaire-roentgensysteme-stative-v\/amadeo-r-motorised-4\/","title":{"rendered":"Syst\u00e8me Amadeo V nano II"},"content":{"rendered":"<p>Notre solution \u00e9conomique pour toutes les radiographies courantes de petits animaux : Le syst\u00e8me complet de radiographie num\u00e9rique avec prise de courant standard de Oehm et Rehbein.<\/p>\n<p>L'installation radiologique Amadeo V nano II est sp\u00e9cialement con\u00e7ue pour r\u00e9pondre aux besoins de la m\u00e9decine v\u00e9t\u00e9rinaire et convient particuli\u00e8rement aux cabinets pour petits animaux. La table flottante enti\u00e8rement plane \u00e0 4 voies, sans rebords, suscite l'enthousiasme correspondant.<\/p>\n<p>Le g\u00e9n\u00e9rateur haute fr\u00e9quence de 5,6kW est directement int\u00e9gr\u00e9 dans la table de radiologie et dispose d'un \u00e9cran de vis\u00e9e lumineux rotatif. Le plateau de la table peut \u00eatre d\u00e9plac\u00e9 tr\u00e8s facilement gr\u00e2ce au frein \u00e0 pied sur la table. Pour l'alimentation \u00e9lectrique, un raccordement \u00e0 une prise standard de 230 V suffit, de sorte qu'aucune mesure de transformation importante n'est n\u00e9cessaire dans le cabinet v\u00e9t\u00e9rinaire pour petits animaux.<\/p>\n<p>La p\u00e9dale \u00e0 deux positions permet de pr\u00e9parer et de d\u00e9clencher la radiographie. Un grand tiroir int\u00e9gr\u00e9 \u00e0 deux compartiments offre suffisamment d'espace de rangement pour les aides au stockage et autres petits objets.<\/p>","protected":false},"excerpt":{"rendered":"<p>Syst\u00e8me complet de radiologie num\u00e9rique \u00e0 prix avantageux avec prise de courant standard.<\/p>\n<ul>\n<li>Meilleure qualit\u00e9 d'image : d\u00e9tecteur de rayons X CsI \u00e0 haute r\u00e9solution<\/li>\n<li>Simplicit\u00e9 : utilisation intuitive et processus de travail efficace<\/li>\n<li>Compact : optimal pour les petits espaces<\/li>\n<li>Complet : convient pour toutes les radiographies courantes<\/li>\n<\/ul>","protected":false},"featured_media":1429,"template":"","meta":[],"product_cat":[53],"product_tag":[],"acf":[],"_links":{"self":[{"href":"https:\/\/www.roentgen-service.ch\/fr\/wp-json\/wp\/v2\/product\/1426"}],"collection":[{"href":"https:\/\/www.roentgen-service.ch\/fr\/wp-json\/wp\/v2\/product"}],"about":[{"href":"https:\/\/www.roentgen-service.ch\/fr\/wp-json\/wp\/v2\/types\/product"}],"wp:featuredmedia":[{"embeddable":true,"href":"https:\/\/www.roentgen-service.ch\/fr\/wp-json\/wp\/v2\/media\/1429"}],"wp:attachment":[{"href":"https:\/\/www.roentgen-service.ch\/fr\/wp-json\/wp\/v2\/media?parent=1426"}],"wp:term":[{"taxonomy":"product_cat","embeddable":true,"href":"https:\/\/www.roentgen-service.ch\/fr\/wp-json\/wp\/v2\/product_cat?post=1426"},{"taxonomy":"product_tag","embeddable":true,"href":"https:\/\/www.roentgen-service.ch\/fr\/wp-json\/wp\/v2\/product_tag?post=1426"}],"curies":[{"name":"wp","href":"https:\/\/api.w.org\/{rel}","templated":true}]}}