{"id":1414,"date":"2025-01-21T11:49:40","date_gmt":"2025-01-21T10:49:40","guid":{"rendered":"https:\/\/www.roentgen-service.ch\/?post_type=product&#038;p=1414"},"modified":"2025-02-05T11:23:21","modified_gmt":"2025-02-05T10:23:21","slug":"amadeo-r-motorised-3","status":"publish","type":"product","link":"https:\/\/www.roentgen-service.ch\/fr\/produit\/medecine-veterinaire\/stationnaire-roentgensysteme-stative-v\/amadeo-r-motorised-3\/","title":{"rendered":"Syst\u00e8me Amadeo V mini II"},"content":{"rendered":"<p>Notre solution pour toutes les radiographies courantes de petits animaux : Le syst\u00e8me complet de radiographie num\u00e9rique avec prise de courant standard de Oehm et Rehbein.<\/p>\n<p>L'installation radiologique Amadeo V mini II est sp\u00e9cialement con\u00e7ue pour r\u00e9pondre aux exigences de la m\u00e9decine v\u00e9t\u00e9rinaire et convient parfaitement aux cabinets pour petits animaux. La table flottante \u00e0 4 voies enti\u00e8rement plate et sans rebords suscite l'enthousiasme correspondant.<\/p>\n<p>Le PC et un tiroir pour les aides au positionnement sont int\u00e9gr\u00e9s directement dans la table de radiologie, ce qui permet de gagner de la place. Le g\u00e9n\u00e9rateur haute fr\u00e9quence de 32kW avec \u00e9cran de vis\u00e9e lumineux pivotant est \u00e9galement int\u00e9gr\u00e9 dans la table. Le frein \u00e0 pied de la table permet \u00e0 la fois d'arr\u00eater le mouvement du plateau et de commander la lumi\u00e8re du collimateur. Pour l'alimentation \u00e9lectrique, il suffit de se brancher sur une prise standard de 230 V, de sorte qu'il n'est pas n\u00e9cessaire de proc\u00e9der \u00e0 des transformations importantes dans le cabinet v\u00e9t\u00e9rinaire pour petits animaux.<\/p>\n<p>Le moniteur \u00e0 \u00e9cran tactile, pivotant \u00e0 180\u00b0 et r\u00e9glable en hauteur, permet une utilisation confortable du logiciel de radiologie (acquisition et interpr\u00e9tation) dans un espace r\u00e9duit.<\/p>","protected":false},"excerpt":{"rendered":"<p>Syst\u00e8me complet de radiographie num\u00e9rique avec prise de courant standard.<\/p>\n<ul>\n<li>Meilleure qualit\u00e9 d'image : d\u00e9tecteur de rayons X CsI \u00e0 haute r\u00e9solution<\/li>\n<li>Simplicit\u00e9 : utilisation intuitive et processus de travail efficace<\/li>\n<li>Compact : optimal pour les petits espaces<\/li>\n<li>Complet : convient pour toutes les radiographies courantes<\/li>\n<\/ul>","protected":false},"featured_media":1419,"template":"","meta":[],"product_cat":[53],"product_tag":[],"acf":[],"_links":{"self":[{"href":"https:\/\/www.roentgen-service.ch\/fr\/wp-json\/wp\/v2\/product\/1414"}],"collection":[{"href":"https:\/\/www.roentgen-service.ch\/fr\/wp-json\/wp\/v2\/product"}],"about":[{"href":"https:\/\/www.roentgen-service.ch\/fr\/wp-json\/wp\/v2\/types\/product"}],"wp:featuredmedia":[{"embeddable":true,"href":"https:\/\/www.roentgen-service.ch\/fr\/wp-json\/wp\/v2\/media\/1419"}],"wp:attachment":[{"href":"https:\/\/www.roentgen-service.ch\/fr\/wp-json\/wp\/v2\/media?parent=1414"}],"wp:term":[{"taxonomy":"product_cat","embeddable":true,"href":"https:\/\/www.roentgen-service.ch\/fr\/wp-json\/wp\/v2\/product_cat?post=1414"},{"taxonomy":"product_tag","embeddable":true,"href":"https:\/\/www.roentgen-service.ch\/fr\/wp-json\/wp\/v2\/product_tag?post=1414"}],"curies":[{"name":"wp","href":"https:\/\/api.w.org\/{rel}","templated":true}]}}