{"id":1403,"date":"2025-01-21T11:21:58","date_gmt":"2025-01-21T10:21:58","guid":{"rendered":"https:\/\/www.roentgen-service.ch\/?post_type=product&#038;p=1403"},"modified":"2025-02-05T11:23:16","modified_gmt":"2025-02-05T10:23:16","slug":"amadeo-r-motorised-2","status":"publish","type":"product","link":"https:\/\/www.roentgen-service.ch\/fr\/produit\/medecine-veterinaire\/stationnaire-roentgensysteme-stative-v\/amadeo-r-motorised-2\/","title":{"rendered":"Syst\u00e8me Amadeo V"},"content":{"rendered":"<p>Notre solution pour toutes les radiographies courantes de petits animaux : Le syst\u00e8me de radiographie num\u00e9rique complet et enti\u00e8rement int\u00e9gr\u00e9 de Oehm et Rehbein.<\/p>\n<p>Le syst\u00e8me Amadeo V est sp\u00e9cialement con\u00e7u pour r\u00e9pondre aux exigences des cabinets v\u00e9t\u00e9rinaires et contient tous les composants et fonctions essentiels pour la radiographie num\u00e9rique des petits animaux. Il comprend une table de positionnement du patient avec plateau flottant, un g\u00e9n\u00e9rateur de rayons X triphas\u00e9, un PC, un moniteur et le logiciel d'acquisition et de diagnostic dicomPACS\u00aeDX-R. Le syst\u00e8me peut \u00eatre utilis\u00e9 comme syst\u00e8me de d\u00e9tection (DR) ou en combinaison avec un syst\u00e8me CR. Gr\u00e2ce \u00e0 sa conception compacte, le syst\u00e8me Amadeo V peut \u00eatre install\u00e9 dans des espaces restreints. Le g\u00e9n\u00e9rateur de rayons X est int\u00e9gr\u00e9 directement dans la table de radiographie, ce qui permet de gagner de la place et offre une excellente maniabilit\u00e9 et flexibilit\u00e9 pour diff\u00e9rentes techniques de prise de vue.<\/p>\n<p>Le pupitre de commande dicomPACS\u00aeDX-R prend en charge toutes les fonctions n\u00e9cessaires \u00e0 l'utilisation du syst\u00e8me de radiographie : de la commande du g\u00e9n\u00e9rateur de rayons X \u00e0 l'image diagnostique finale de haute qualit\u00e9. Tous les r\u00e9glages n\u00e9cessaires sont effectu\u00e9s sur un seul panneau de commande. L'assistant de radiographie multim\u00e9dia int\u00e9gr\u00e9 offre en outre de nombreuses indications pour une technique de r\u00e9glage et un positionnement corrects.<\/p>","protected":false},"excerpt":{"rendered":"<p>Syst\u00e8me complet de radiographie num\u00e9rique enti\u00e8rement int\u00e9gr\u00e9 pour petits animaux.<\/p>\n<ul>\n<li>Meilleure qualit\u00e9 d'image : d\u00e9tecteur de rayons X CsI \u00e0 haute r\u00e9solution<\/li>\n<li>Simplicit\u00e9 : utilisation intuitive et processus de travail efficace<\/li>\n<li>Compact : optimal pour les petits espaces<\/li>\n<li>Complet : convient pour toutes les radiographies courantes<\/li>\n<\/ul>","protected":false},"featured_media":1404,"template":"","meta":[],"product_cat":[53],"product_tag":[],"acf":[],"_links":{"self":[{"href":"https:\/\/www.roentgen-service.ch\/fr\/wp-json\/wp\/v2\/product\/1403"}],"collection":[{"href":"https:\/\/www.roentgen-service.ch\/fr\/wp-json\/wp\/v2\/product"}],"about":[{"href":"https:\/\/www.roentgen-service.ch\/fr\/wp-json\/wp\/v2\/types\/product"}],"wp:featuredmedia":[{"embeddable":true,"href":"https:\/\/www.roentgen-service.ch\/fr\/wp-json\/wp\/v2\/media\/1404"}],"wp:attachment":[{"href":"https:\/\/www.roentgen-service.ch\/fr\/wp-json\/wp\/v2\/media?parent=1403"}],"wp:term":[{"taxonomy":"product_cat","embeddable":true,"href":"https:\/\/www.roentgen-service.ch\/fr\/wp-json\/wp\/v2\/product_cat?post=1403"},{"taxonomy":"product_tag","embeddable":true,"href":"https:\/\/www.roentgen-service.ch\/fr\/wp-json\/wp\/v2\/product_tag?post=1403"}],"curies":[{"name":"wp","href":"https:\/\/api.w.org\/{rel}","templated":true}]}}