{"id":968,"date":"2023-08-02T17:31:08","date_gmt":"2023-08-02T15:31:08","guid":{"rendered":"https:\/\/roentgen-service.dev.hayloft-it.ch\/?page_id=968"},"modified":"2023-11-08T07:43:50","modified_gmt":"2023-11-08T06:43:50","slug":"mentions-legales","status":"publish","type":"page","link":"https:\/\/www.roentgen-service.ch\/fr\/mentions-legales\/","title":{"rendered":"Mentions l\u00e9gales"},"content":{"rendered":"<h1 class=\"wp-block-heading\">Mentions l\u00e9gales<\/h1>\n\n\n\n<p><b>Instance responsable<\/b><br\/>R\u00f6ntgen Service AG<br\/>Meierhofweg 4<br\/>6032 Emmen<br\/>Suisse<br\/><strong>Courrier \u00e9lectronique<\/strong>: kontakt@roentgen-service.ch<br\/><br\/><strong>Personnes autoris\u00e9es \u00e0 repr\u00e9senter l'association<\/strong><br\/>Damian Widmer (signature individuelle) \/ Directeur g\u00e9n\u00e9ral<br\/>Manuel Widmer (signature individuelle)<br\/>Andreas Widmer (signature collective \u00e0 deux)<br\/><br\/><strong>Nom de l'entreprise<\/strong>: R\u00f6ntgen Service AG<br\/><strong>Num\u00e9ro d'enregistrement<\/strong>: CHE-107.245.253<br\/><strong>Num\u00e9ro d'identification de la taxe sur le chiffre d'affaires<\/strong>: CHE-107.245.253 TTC<br\/><br\/><strong>Clause de non-responsabilit\u00e9<\/strong><br\/>L'auteur ne garantit pas l'exactitude, la pr\u00e9cision, l'actualit\u00e9, la fiabilit\u00e9 et l'exhaustivit\u00e9 des informations.<br\/>L'auteur ne saurait \u00eatre tenu pour responsable des dommages mat\u00e9riels ou immat\u00e9riels qui pourraient \u00eatre caus\u00e9s par l'acc\u00e8s aux informations diffus\u00e9es ou par leur utilisation ou non-utilisation, par le mauvais usage de la connexion ou par des probl\u00e8mes techniques.<br\/><br\/>Toutes les offres sont sans engagement. L'auteur se r\u00e9serve express\u00e9ment le droit de modifier, de compl\u00e9ter ou de supprimer des parties de pages ou l'ensemble de l'offre sans avis pr\u00e9alable, ou d'en suspendre temporairement ou d\u00e9finitivement la publication.<br\/><br\/><strong>Exclusion de responsabilit\u00e9 pour les contenus et les liens<\/strong><br\/>Les renvois et liens vers des sites web de tiers ne rel\u00e8vent pas de notre responsabilit\u00e9. Nous d\u00e9clinons toute responsabilit\u00e9 pour de tels sites web. L'acc\u00e8s \u00e0 de tels sites et leur utilisation se font aux risques et p\u00e9rils de l'utilisateur.<br\/><br\/><strong>D\u00e9claration de droits d'auteur<\/strong><br\/>Les droits d'auteur et tous les autres droits li\u00e9s aux contenus, images, photos ou autres fichiers figurant sur ce site Internet sont la propri\u00e9t\u00e9 exclusive de R\u00f6ntgen Service AG ou des d\u00e9tenteurs de droits sp\u00e9cialement cit\u00e9s. Pour la reproduction de tout \u00e9l\u00e9ment, l'accord \u00e9crit du d\u00e9tenteur des droits d'auteur doit \u00eatre obtenu au pr\u00e9alable.<br\/><br\/><strong>Source<\/strong>: <a style='color:inherit;text-decoration:none;' rel='nofollow' href='https:\/\/brainbox.swiss\/'>BrainBox Solutions<\/a><\/p>","protected":false},"excerpt":{"rendered":"<p>Impressum Verantwortliche InstanzR\u00f6ntgen Service AGMeierhofweg 46032 EmmenSchweizE-Mail: kontakt@roentgen-service.ch Vertretungsberechtigte PersonenDamian Widmer (Einzelunterschrift) \/ Gesch\u00e4ftsf\u00fchrerManuel Widmer (Einzelunterschrift)Andreas Widmer (Kollektivunterschrift zu zweien) Name des Unternehmens: R\u00f6ntgen Service AGRegistrationsnummer: CHE-107.245.253Umsatzsteuer-Identifikationsnummer: CHE-107.245.253 MWST HaftungsausschlussDer Autor \u00fcbernimmt keine Gew\u00e4hr f\u00fcr die Richtigkeit, Genauigkeit, Aktualit\u00e4t, Zuverl\u00e4ssigkeit und Vollst\u00e4ndigkeit der Informationen.Haftungsanspr\u00fcche gegen den Autor wegen Sch\u00e4den materieller oder immaterieller Art, die aus [&hellip;]<\/p>","protected":false},"author":1,"featured_media":0,"parent":0,"menu_order":0,"comment_status":"closed","ping_status":"closed","template":"","meta":{"footnotes":""},"acf":[],"_links":{"self":[{"href":"https:\/\/www.roentgen-service.ch\/fr\/wp-json\/wp\/v2\/pages\/968"}],"collection":[{"href":"https:\/\/www.roentgen-service.ch\/fr\/wp-json\/wp\/v2\/pages"}],"about":[{"href":"https:\/\/www.roentgen-service.ch\/fr\/wp-json\/wp\/v2\/types\/page"}],"author":[{"embeddable":true,"href":"https:\/\/www.roentgen-service.ch\/fr\/wp-json\/wp\/v2\/users\/1"}],"replies":[{"embeddable":true,"href":"https:\/\/www.roentgen-service.ch\/fr\/wp-json\/wp\/v2\/comments?post=968"}],"version-history":[{"count":7,"href":"https:\/\/www.roentgen-service.ch\/fr\/wp-json\/wp\/v2\/pages\/968\/revisions"}],"predecessor-version":[{"id":1328,"href":"https:\/\/www.roentgen-service.ch\/fr\/wp-json\/wp\/v2\/pages\/968\/revisions\/1328"}],"wp:attachment":[{"href":"https:\/\/www.roentgen-service.ch\/fr\/wp-json\/wp\/v2\/media?parent=968"}],"curies":[{"name":"wp","href":"https:\/\/api.w.org\/{rel}","templated":true}]}}