{"id":60,"date":"2022-09-26T09:47:09","date_gmt":"2022-09-26T07:47:09","guid":{"rendered":"https:\/\/roentgen-service.dev.hayloft-it.ch\/?page_id=60"},"modified":"2025-11-27T14:12:33","modified_gmt":"2025-11-27T13:12:33","slug":"a-propos-de-nous","status":"publish","type":"page","link":"https:\/\/www.roentgen-service.ch\/fr\/a-propos-de-nous\/","title":{"rendered":"\u00c0 propos de nous"},"content":{"rendered":"<h1 class=\"wp-block-heading has-text-align-left\">R\u00f6ntgen Service AG - Exp\u00e9rience et innovation depuis 1973<\/h1>\n\n\n\n<p class=\"has-text-align-left\">R\u00f6ntgen Service AG a \u00e9t\u00e9 fond\u00e9e en 1973 et compte aujourd'hui - avec plus de 50 ans d'exp\u00e9rience - parmi les principaux fournisseurs de syst\u00e8mes de radiologie num\u00e9rique en Suisse. Nos solutions sont utilis\u00e9es dans la m\u00e9decine humaine et v\u00e9t\u00e9rinaire ainsi que dans l'industrie. Nous accompagnons nos clients du conseil et de la planification jusqu'au service et au support, en passant par la vente, l'installation et la formation, couvrant ainsi l'ensemble des prestations de la technique radiologique moderne.<\/p>\n\n\n\n<p class=\"has-text-align-left translation-block\">Avec le progr\u00e8s technique, nous d\u00e9veloppons continuellement notre portefeuille. En m\u00e9decine humaine, nous mettons l'accent sur les syst\u00e8mes de radiographie num\u00e9rique fixes. Pour la m\u00e9decine v\u00e9t\u00e9rinaire, nous proposons, outre des syst\u00e8mes fixes, des syst\u00e8mes portables ainsi que des solutions pour la radiographie dentaire num\u00e9rique. Dans le domaine industriel, nous mettons \u00e0 disposition un large choix de syst\u00e8mes de radiographie num\u00e9rique portables, qui couvrent un large \u00e9ventail d'applications. Pour toutes les installations, nous fournissons le logiciel d'acquisition et de gestion d'images (PACS) adapt\u00e9. Les normes de qualit\u00e9 les plus \u00e9lev\u00e9es sont pour nous une \u00e9vidence : nous disposons d'un <a rel=\"noreferrer noopener\" href=\"https:\/\/www.roentgen-service.ch\/wp-content\/uploads\/2023\/07\/zertifikat.pdf\" data-type=\"link\" data-id=\"https:\/\/www.roentgen-service.ch\/wp-content\/uploads\/2023\/07\/zertifikat.pdf\" target=\"_blank\">syst\u00e8me de gestion de la qualit\u00e9 certifi\u00e9 ISO-13485<\/a> et nous employons un personnel sp\u00e9cialis\u00e9 hautement qualifi\u00e9.<\/p>\n\n\n\n<p class=\"has-text-align-left translation-block\">Au d\u00e9but, nous nous sommes concentr\u00e9s sur les syst\u00e8mes radiologiques analogiques en m\u00e9decine humaine. Une \u00e9tape importante a \u00e9t\u00e9 le d\u00e9veloppement autonome d'un g\u00e9n\u00e9rateur de rayons X - un produit qui est encore utilis\u00e9 de mani\u00e8re isol\u00e9e aujourd'hui. Avec une exp\u00e9rience croissante, nous avons \u00e9largi notre domaine d'activit\u00e9 \u00e0 la m\u00e9decine v\u00e9t\u00e9rinaire et aux applications industrielles. Depuis plus de dix ans, nous misons syst\u00e9matiquement sur les syst\u00e8mes num\u00e9riques, qui ont compl\u00e8tement remplac\u00e9 la technique analogique. Nous continuons n\u00e9anmoins \u00e0 offrir \u00e0 nos clients une assistance pour les installations analogiques existantes. Au fil des d\u00e9cennies, nous avons en outre rassembl\u00e9 de nombreuses pi\u00e8ces d'exposition historiques de la radiographie que nous pr\u00e9sentons dans notre propre <a href=\"https:\/\/www.roentgen-service.ch\/fr\/a-propos-de-nous\/musee\/\" data-type=\"link\" data-id=\"https:\/\/www.roentgen-service.ch\/ueber-uns\/museum\/\">mus\u00e9e de la radiographie<\/a> et que nous rendons volontiers accessibles sur rendez-vous.<\/p>\n\n\n\n<p class=\"has-text-align-left\">En tant qu'entreprise familiale riche en traditions appartenant \u00e0 la famille Widmer, nous misons d\u00e9lib\u00e9r\u00e9ment sur l'ind\u00e9pendance - loin des soci\u00e9t\u00e9s d'investissement purement orient\u00e9es vers le profit. Cette attitude nous permet de nous concentrer enti\u00e8rement sur les besoins de nos clients et d'assurer la stabilit\u00e9 \u00e0 long terme de notre entreprise. Depuis 2021, R\u00f6ntgen Service AG est dirig\u00e9e avec engagement et fiert\u00e9 par la troisi\u00e8me g\u00e9n\u00e9ration.<\/p>\n\n\n\n<h2 class=\"wp-block-heading\">Notre direction se pr\u00e9sente<\/h2>\n\n\n<div class=\"alignwide wp-block-roentgen-service-employees\">\n            <article class=\"post-610 employee type-employee status-publish hentry\">\n    <div class=\"employee__thumbnail-wrapper\">\n        <img loading=\"lazy\" width=\"1024\" height=\"684\" src=\"https:\/\/www.roentgen-service.ch\/wp-content\/uploads\/2022\/12\/portrait_damian-widmer-weit-scaled-1024x684.jpg\" class=\"attachment-large size-large\" alt=\"\" decoding=\"async\" srcset=\"https:\/\/www.roentgen-service.ch\/wp-content\/uploads\/2022\/12\/portrait_damian-widmer-weit-scaled-1024x684.jpg 1024w, https:\/\/www.roentgen-service.ch\/wp-content\/uploads\/2022\/12\/portrait_damian-widmer-weit-scaled-300x200.jpg 300w, https:\/\/www.roentgen-service.ch\/wp-content\/uploads\/2022\/12\/portrait_damian-widmer-weit-scaled-768x513.jpg 768w, https:\/\/www.roentgen-service.ch\/wp-content\/uploads\/2022\/12\/portrait_damian-widmer-weit-scaled-1536x1025.jpg 1536w, https:\/\/www.roentgen-service.ch\/wp-content\/uploads\/2022\/12\/portrait_damian-widmer-weit-scaled-2048x1367.jpg 2048w, https:\/\/www.roentgen-service.ch\/wp-content\/uploads\/2022\/12\/portrait_damian-widmer-weit-scaled-900x601.jpg 900w, https:\/\/www.roentgen-service.ch\/wp-content\/uploads\/2022\/12\/portrait_damian-widmer-weit-scaled-600x401.jpg 600w\" sizes=\"(max-width: 1024px) 100vw, 1024px\" \/>        <img loading=\"lazy\" width=\"1024\" height=\"684\" src=\"https:\/\/www.roentgen-service.ch\/wp-content\/uploads\/2022\/12\/portrait_damian-widmer-scaled-1024x684.jpg\" class=\"portrait-zoom\" alt=\"\" decoding=\"async\" srcset=\"https:\/\/www.roentgen-service.ch\/wp-content\/uploads\/2022\/12\/portrait_damian-widmer-scaled-1024x684.jpg 1024w, https:\/\/www.roentgen-service.ch\/wp-content\/uploads\/2022\/12\/portrait_damian-widmer-scaled-300x200.jpg 300w, https:\/\/www.roentgen-service.ch\/wp-content\/uploads\/2022\/12\/portrait_damian-widmer-scaled-768x513.jpg 768w, https:\/\/www.roentgen-service.ch\/wp-content\/uploads\/2022\/12\/portrait_damian-widmer-scaled-1536x1025.jpg 1536w, https:\/\/www.roentgen-service.ch\/wp-content\/uploads\/2022\/12\/portrait_damian-widmer-scaled-2048x1367.jpg 2048w, https:\/\/www.roentgen-service.ch\/wp-content\/uploads\/2022\/12\/portrait_damian-widmer-scaled-900x601.jpg 900w, https:\/\/www.roentgen-service.ch\/wp-content\/uploads\/2022\/12\/portrait_damian-widmer-scaled-600x401.jpg 600w\" sizes=\"(max-width: 1024px) 100vw, 1024px\" \/>    <\/div>\n    <h3 class=\"employee__name\">Damian Widmer<\/h3>\n            <h4 class=\"employee__slogan\">\"Avantages pour le client\" - Nos clients nous portent d\u00e9j\u00e0 depuis plus d'un demi-si\u00e8cle. Cela me motive \u00e0 tout donner chaque jour pour eux.<\/h4>\n                <div class=\"employee__description\"><ul>\n<li><span class=\"TextRun Highlight SCXW173456852 BCX0\" lang=\"DE-CH\" xml:lang=\"DE-CH\" data-contrast=\"auto\"><span class=\"NormalTextRun SCXW173456852 BCX0\">CEO \/ membre du conseil d'administration<\/span><\/span><\/li>\n<li>Vente \/ Radiographie num\u00e9rique<\/li>\n<\/ul>\n<\/div>\n    <\/article>\n            <article class=\"post-252 employee type-employee status-publish hentry\">\n    <div class=\"employee__thumbnail-wrapper\">\n        <img loading=\"lazy\" width=\"1024\" height=\"684\" src=\"https:\/\/www.roentgen-service.ch\/wp-content\/uploads\/2022\/11\/portrait_manuel-widmer-weit-scaled-1024x684.jpg\" class=\"attachment-large size-large\" alt=\"\" decoding=\"async\" srcset=\"https:\/\/www.roentgen-service.ch\/wp-content\/uploads\/2022\/11\/portrait_manuel-widmer-weit-scaled-1024x684.jpg 1024w, https:\/\/www.roentgen-service.ch\/wp-content\/uploads\/2022\/11\/portrait_manuel-widmer-weit-scaled-300x200.jpg 300w, https:\/\/www.roentgen-service.ch\/wp-content\/uploads\/2022\/11\/portrait_manuel-widmer-weit-scaled-768x513.jpg 768w, https:\/\/www.roentgen-service.ch\/wp-content\/uploads\/2022\/11\/portrait_manuel-widmer-weit-scaled-1536x1025.jpg 1536w, https:\/\/www.roentgen-service.ch\/wp-content\/uploads\/2022\/11\/portrait_manuel-widmer-weit-scaled-2048x1367.jpg 2048w, https:\/\/www.roentgen-service.ch\/wp-content\/uploads\/2022\/11\/portrait_manuel-widmer-weit-scaled-900x601.jpg 900w, https:\/\/www.roentgen-service.ch\/wp-content\/uploads\/2022\/11\/portrait_manuel-widmer-weit-scaled-600x401.jpg 600w\" sizes=\"(max-width: 1024px) 100vw, 1024px\" \/>        <img loading=\"lazy\" width=\"1024\" height=\"684\" src=\"https:\/\/www.roentgen-service.ch\/wp-content\/uploads\/2022\/11\/portrait_manuel-widmer-scaled-1024x684.jpg\" class=\"portrait-zoom\" alt=\"\" decoding=\"async\" srcset=\"https:\/\/www.roentgen-service.ch\/wp-content\/uploads\/2022\/11\/portrait_manuel-widmer-scaled-1024x684.jpg 1024w, https:\/\/www.roentgen-service.ch\/wp-content\/uploads\/2022\/11\/portrait_manuel-widmer-scaled-300x200.jpg 300w, https:\/\/www.roentgen-service.ch\/wp-content\/uploads\/2022\/11\/portrait_manuel-widmer-scaled-768x513.jpg 768w, https:\/\/www.roentgen-service.ch\/wp-content\/uploads\/2022\/11\/portrait_manuel-widmer-scaled-1536x1025.jpg 1536w, https:\/\/www.roentgen-service.ch\/wp-content\/uploads\/2022\/11\/portrait_manuel-widmer-scaled-2048x1367.jpg 2048w, https:\/\/www.roentgen-service.ch\/wp-content\/uploads\/2022\/11\/portrait_manuel-widmer-scaled-900x601.jpg 900w, https:\/\/www.roentgen-service.ch\/wp-content\/uploads\/2022\/11\/portrait_manuel-widmer-scaled-600x401.jpg 600w\" sizes=\"(max-width: 1024px) 100vw, 1024px\" \/>    <\/div>\n    <h3 class=\"employee__name\">Manuel Widmer<\/h3>\n            <h4 class=\"employee__slogan\">\"Innovation\" - Mes \u00e9tudes en \u00e9lectrotechnique m'aident \u00e0 toujours choisir les meilleurs produits pour nos clients.<\/h4>\n                <div class=\"employee__description\"><ul>\n<li><span class=\"TextRun Highlight SCXW86163940 BCX0\" lang=\"DE-CH\" xml:lang=\"DE-CH\" data-contrast=\"auto\"><span class=\"NormalTextRun SCXW86163940 BCX0\">Pr\u00e9sident du conseil d'administration<\/span><\/span><\/li>\n<li>Qualit\u00e9 \/ Technologie<\/li>\n<\/ul>\n<\/div>\n    <\/article>\n            <article class=\"post-600 employee type-employee status-publish hentry\">\n    <div class=\"employee__thumbnail-wrapper\">\n        <img loading=\"lazy\" width=\"1024\" height=\"684\" src=\"https:\/\/www.roentgen-service.ch\/wp-content\/uploads\/2022\/12\/portrait_andreas-widmer-weit-scaled-1024x684.jpg\" class=\"attachment-large size-large\" alt=\"\" decoding=\"async\" srcset=\"https:\/\/www.roentgen-service.ch\/wp-content\/uploads\/2022\/12\/portrait_andreas-widmer-weit-scaled-1024x684.jpg 1024w, https:\/\/www.roentgen-service.ch\/wp-content\/uploads\/2022\/12\/portrait_andreas-widmer-weit-scaled-300x200.jpg 300w, https:\/\/www.roentgen-service.ch\/wp-content\/uploads\/2022\/12\/portrait_andreas-widmer-weit-scaled-768x513.jpg 768w, https:\/\/www.roentgen-service.ch\/wp-content\/uploads\/2022\/12\/portrait_andreas-widmer-weit-scaled-1536x1025.jpg 1536w, https:\/\/www.roentgen-service.ch\/wp-content\/uploads\/2022\/12\/portrait_andreas-widmer-weit-scaled-2048x1367.jpg 2048w, https:\/\/www.roentgen-service.ch\/wp-content\/uploads\/2022\/12\/portrait_andreas-widmer-weit-scaled-900x601.jpg 900w, https:\/\/www.roentgen-service.ch\/wp-content\/uploads\/2022\/12\/portrait_andreas-widmer-weit-scaled-600x401.jpg 600w\" sizes=\"(max-width: 1024px) 100vw, 1024px\" \/>        <img loading=\"lazy\" width=\"1024\" height=\"684\" src=\"https:\/\/www.roentgen-service.ch\/wp-content\/uploads\/2022\/12\/portrait_andreas-widmer-scaled-1024x684.jpg\" class=\"portrait-zoom\" alt=\"\" decoding=\"async\" srcset=\"https:\/\/www.roentgen-service.ch\/wp-content\/uploads\/2022\/12\/portrait_andreas-widmer-scaled-1024x684.jpg 1024w, https:\/\/www.roentgen-service.ch\/wp-content\/uploads\/2022\/12\/portrait_andreas-widmer-scaled-300x200.jpg 300w, https:\/\/www.roentgen-service.ch\/wp-content\/uploads\/2022\/12\/portrait_andreas-widmer-scaled-768x513.jpg 768w, https:\/\/www.roentgen-service.ch\/wp-content\/uploads\/2022\/12\/portrait_andreas-widmer-scaled-1536x1025.jpg 1536w, https:\/\/www.roentgen-service.ch\/wp-content\/uploads\/2022\/12\/portrait_andreas-widmer-scaled-2048x1367.jpg 2048w, https:\/\/www.roentgen-service.ch\/wp-content\/uploads\/2022\/12\/portrait_andreas-widmer-scaled-900x601.jpg 900w, https:\/\/www.roentgen-service.ch\/wp-content\/uploads\/2022\/12\/portrait_andreas-widmer-scaled-600x401.jpg 600w\" sizes=\"(max-width: 1024px) 100vw, 1024px\" \/>    <\/div>\n    <h3 class=\"employee__name\">Andreas Widmer<\/h3>\n            <h4 class=\"employee__slogan\">\"Constance\" - Il me tient \u00e0 c\u0153ur de mettre toute mon exp\u00e9rience au service de la troisi\u00e8me g\u00e9n\u00e9ration.<\/h4>\n                <div class=\"employee__description\"><ul>\n<li><span class=\"TextRun Highlight SCXW137964176 BCX0\" lang=\"DE-CH\" xml:lang=\"DE-CH\" data-contrast=\"auto\"><span class=\"NormalTextRun SCXW137964176 BCX0\">Membre du conseil d'administration<\/span><\/span><\/li>\n<li>Radiographie analogique<\/li>\n<\/ul>\n<\/div>\n    <\/article>\n    <\/div>\n\n\n<div class=\"wp-block-group alignwide has-primary-light-background-color has-background is-layout-flow wp-block-group-is-layout-flow\">\n<h2 class=\"wp-block-heading\">Pourquoi R\u00f6ntgen Service ?<\/h2>\n\n\n\n<div class=\"wp-block-group tiles-with-icon is-content-justification-space-between is-nowrap is-layout-flex wp-container-5 wp-block-group-is-layout-flex\">\n<div class=\"wp-block-group is-layout-constrained wp-block-group-is-layout-constrained\"><div class=\"wp-block-roentgen-service-icon\">\n    <i class=\"icon icon-comments-question-check\"><\/i>\n<\/div>\n\n\n<p>Un conseil comp\u00e9tent et personnalis\u00e9 avec plus de 50 ans d'exp\u00e9rience<\/p>\n<\/div>\n\n\n\n<div class=\"wp-block-group is-layout-constrained wp-block-group-is-layout-constrained\"><div class=\"wp-block-roentgen-service-icon\">\n    <i class=\"icon icon-arrows-spin-thin\"><\/i>\n<\/div>\n\n\n<p>Accompagnement de la vente, de l'installation et de la formation jusqu'au service et \u00e0 l'assistance<\/p>\n<\/div>\n\n\n\n<div class=\"wp-block-group is-layout-constrained wp-block-group-is-layout-constrained\"><div class=\"wp-block-roentgen-service-icon\">\n    <i class=\"icon icon-handshake\"><\/i>\n<\/div>\n\n\n<p>Partenaire \u00e0 long terme de la Suisse centrale<\/p>\n<\/div>\n\n\n\n<div class=\"wp-block-group is-layout-constrained wp-block-group-is-layout-constrained\"><div class=\"wp-block-roentgen-service-icon\">\n    <i class=\"icon icon-rabbit-running-thin\"><\/i>\n<\/div>\n\n\n<p>Temps de r\u00e9action rapide et assistance \u00e0 distance<\/p>\n<\/div>\n<\/div>\n<\/div>\n\n\n\n<div class=\"wp-block-columns alignwide are-vertically-aligned-center is-layout-flex wp-container-10 wp-block-columns-is-layout-flex\">\n<div class=\"wp-block-column is-vertically-aligned-center is-layout-flow wp-block-column-is-layout-flow\">\n<figure data-no-zoom=\"true\" class=\"wp-block-image size-large\"><a href=\"https:\/\/www.roentgen-service.ch\/fr\/a-propos-de-nous\/musee\/\"><img decoding=\"async\" src=\"https:\/\/www.roentgen-service.ch\/wp-content\/uploads\/2023\/08\/roentgenserviceag-424-10.01.23-ps-1024x683.jpg\" alt=\"\" class=\"wp-image-1060\"\/><\/a><\/figure>\n<\/div>\n\n\n\n<div class=\"wp-block-column is-vertically-aligned-center is-layout-flow wp-block-column-is-layout-flow\">\n<h2 class=\"wp-block-heading\">D\u00e9couvrez notre mus\u00e9e de la radiographie - des pi\u00e8ces d'exposition de l'histoire de la radiographie<\/h2>\n\n\n\n<p>Dans notre petit mus\u00e9e, notre p\u00e8re fondateur, Xaver Widmer, a constitu\u00e9 une collection d'objets et de litt\u00e9rature sur l'histoire de la radiologie probablement unique en Europe. Outre des tubes \u00e0 rayons X vieux de plus de 100 ans, on peut \u00e9galement y admirer les premiers syst\u00e8mes de radiographie utilis\u00e9s \u00e0 des fins commerciales. Peu \u00e0 peu, le mus\u00e9e s'est agrandi et pr\u00e9sente d\u00e9sormais l'\u00e9volution technique des installations radiologiques des ann\u00e9es 20 jusqu'aux syst\u00e8mes modernes dans le domaine de la radiologie num\u00e9rique.<\/p>\n\n\n\n<div class=\"wp-block-buttons is-layout-flex wp-block-buttons-is-layout-flex\">\n<div class=\"wp-block-button\"><a class=\"wp-block-button__link wp-element-button\" href=\"https:\/\/www.roentgen-service.ch\/fr\/a-propos-de-nous\/musee\/\">En savoir plus<\/a><\/div>\n<\/div>\n<\/div>\n<\/div>","protected":false},"excerpt":{"rendered":"<p>R\u00f6ntgen Service AG \u2013 Erfahrung und Innovation seit 1973 Die R\u00f6ntgen Service AG wurde 1973 gegr\u00fcndet und z\u00e4hlt heute \u2013 mit \u00fcber 50 Jahren Erfahrung \u2013 zu den f\u00fchrenden Anbietern digitaler R\u00f6ntgensysteme in der Schweiz. Unsere L\u00f6sungen finden Anwendung in der Human- und Veterin\u00e4rmedizin sowie in der Industrie. Wir begleiten unsere Kunden von der Beratung [&hellip;]<\/p>","protected":false},"author":1,"featured_media":0,"parent":0,"menu_order":0,"comment_status":"closed","ping_status":"closed","template":"","meta":{"footnotes":""},"acf":[],"_links":{"self":[{"href":"https:\/\/www.roentgen-service.ch\/fr\/wp-json\/wp\/v2\/pages\/60"}],"collection":[{"href":"https:\/\/www.roentgen-service.ch\/fr\/wp-json\/wp\/v2\/pages"}],"about":[{"href":"https:\/\/www.roentgen-service.ch\/fr\/wp-json\/wp\/v2\/types\/page"}],"author":[{"embeddable":true,"href":"https:\/\/www.roentgen-service.ch\/fr\/wp-json\/wp\/v2\/users\/1"}],"replies":[{"embeddable":true,"href":"https:\/\/www.roentgen-service.ch\/fr\/wp-json\/wp\/v2\/comments?post=60"}],"version-history":[{"count":62,"href":"https:\/\/www.roentgen-service.ch\/fr\/wp-json\/wp\/v2\/pages\/60\/revisions"}],"predecessor-version":[{"id":2033,"href":"https:\/\/www.roentgen-service.ch\/fr\/wp-json\/wp\/v2\/pages\/60\/revisions\/2033"}],"wp:attachment":[{"href":"https:\/\/www.roentgen-service.ch\/fr\/wp-json\/wp\/v2\/media?parent=60"}],"curies":[{"name":"wp","href":"https:\/\/api.w.org\/{rel}","templated":true}]}}