{"id":58,"date":"2022-09-26T09:46:58","date_gmt":"2022-09-26T07:46:58","guid":{"rendered":"https:\/\/roentgen-service.dev.hayloft-it.ch\/?page_id=58"},"modified":"2025-11-03T09:47:56","modified_gmt":"2025-11-03T08:47:56","slug":"service","status":"publish","type":"page","link":"https:\/\/www.roentgen-service.ch\/fr\/service\/","title":{"rendered":"Service"},"content":{"rendered":"<h1 class=\"wp-block-heading has-text-align-left\">Service pour votre syst\u00e8me de radiographie<\/h1>\n\n\n\n<p class=\"has-text-align-left\">M\u00eame si l'introduction de la radiographie num\u00e9rique a permis de simplifier les syst\u00e8mes et de r\u00e9duire massivement les co\u00fbts d'exploitation en cons\u00e9quence, les installations modernes ne peuvent pas se passer d'une maintenance soigneusement effectu\u00e9e.<\/p>\n\n\n\n<p class=\"has-text-align-left\">En outre, les prescriptions l\u00e9gales relatives aux intervalles et \u00e0 l'\u00e9tendue de la maintenance varient en fonction du domaine d'application. Afin de maintenir les performances, la dur\u00e9e de vie et la qualit\u00e9 d'image du syst\u00e8me radiographique dans une plage optimale, nous recommandons toutefois de respecter tous les entretiens indiqu\u00e9s dans le plan d'entretien suivant, les intervalles s'appliquant aussi bien \u00e0 l'installation radiographique qu'au syst\u00e8me de r\u00e9ception d'images.<\/p>\n\n\n\n<p class=\"has-text-align-left\">Pour les entretiens prescrits par la loi, nous allons de nous-m\u00eames \u00e0 la rencontre de nos clients dans les d\u00e9lais impartis. Les services recommand\u00e9s peuvent \u00eatre inclus individuellement dans le plan de service de nos clients, en fonction de leurs besoins.<\/p>\n\n\n\n<p class=\"has-text-align-left\">Dans le domaine des applications industrielles, il n'existe actuellement aucune prescription l\u00e9gale concernant l'entretien et les intervalles de maintenance. N\u00e9anmoins, nous vous recommandons d'\u00e9laborer avec nous un plan d'entretien individuel.<\/p>\n\n\n<div class=\"wp-block-roentgen-service-timeline\">\n    <div class=\"wp-block-buttons\">\n                    <div class=\"wp-block-button is-style-outline\" data-active=\"true\">\n                <a href=\"\/fr\/wp-json\/wp\/v2\/pages\/58?area=human\" class=\"wp-block-button__link\">\n                    M\u00e9decine humaine                <\/a>\n            <\/div>\n                    <div class=\"wp-block-button is-style-outline\" data-active=\"false\">\n                <a href=\"\/fr\/wp-json\/wp\/v2\/pages\/58?area=veterinary\" class=\"wp-block-button__link\">\n                    M\u00e9decine v\u00e9t\u00e9rinaire                <\/a>\n            <\/div>\n            <\/div>\n    <div class=\"timeline\">\n                    <div class=\"timeline__step\">\n                <div class=\"timeline__step-media\">\n                                            <i class=\"icon icon-check\"><\/i>\n                                    <\/div>\n                <div class=\"timeline__substeps\">\n                                            <div class=\"timeline__substep\" data-mandatory=\"true\">\n                                                            <h4 class=\"timeline__subtitle\"><p>Lors de la mise en service<\/p>\n<\/h4>\n                                                        <div class=\"timeline__title-wrapper\">\n                                <h3 class=\"timeline__title\"><p>Contr\u00f4le de r\u00e9ception<\/p>\n<\/h3>\n                                                            <\/div>\n                                                            <div class=\"timeline__description\"><p>Juste apr\u00e8s l'installation, nous effectuons un contr\u00f4le de r\u00e9ception. Ensuite, le syst\u00e8me peut \u00eatre utilis\u00e9 avec la meilleure qualit\u00e9 possible.<\/p>\n<\/div>\n                                                    <\/div>\n                                    <\/div>\n            <\/div>\n                    <div class=\"timeline__step\">\n                <div class=\"timeline__step-media\">\n                                            <i class=\"icon icon-glasses\"><\/i>\n                                    <\/div>\n                <div class=\"timeline__substeps\">\n                                            <div class=\"timeline__substep\" data-mandatory=\"true\">\n                                                            <h4 class=\"timeline__subtitle\"><p><strong>Un an<\/strong> apr\u00e8s la mise en service<\/p>\n<\/h4>\n                                                        <div class=\"timeline__title-wrapper\">\n                                <h3 class=\"timeline__title\"><p><strong>1.<\/strong> Test de constance<\/p>\n<\/h3>\n                                                            <\/div>\n                                                            <div class=\"timeline__description\"><p><span class=\"TextRun SCXW140200482 BCX0\" lang=\"DE-CH\" xml:lang=\"DE-CH\" data-contrast=\"none\"><span class=\"NormalTextRun SCXW140200482 BCX0\">Pour le contr\u00f4le annuel de constance prescrit par l'OFSP, nous nous adressons automatiquement \u00e0 vous.<\/span><\/span><\/p>\n<\/div>\n                                                    <\/div>\n                                            <div class=\"timeline__substep\" data-mandatory=\"true\">\n                                                            <h4 class=\"timeline__subtitle\"><p><strong>Deux ans<\/strong> apr\u00e8s la mise en service<\/p>\n<\/h4>\n                                                        <div class=\"timeline__title-wrapper\">\n                                <h3 class=\"timeline__title\"><p><strong>2.<\/strong> Test de constance<\/p>\n<\/h3>\n                                                            <\/div>\n                                                            <div class=\"timeline__description\"><p><span class=\"TextRun SCXW140200482 BCX0\" lang=\"DE-CH\" xml:lang=\"DE-CH\" data-contrast=\"none\"><span class=\"NormalTextRun SCXW140200482 BCX0\">Pour le contr\u00f4le annuel de constance prescrit par l'OFSP, nous nous adressons automatiquement \u00e0 vous.<\/span><\/span><\/p>\n<\/div>\n                                                    <\/div>\n                                            <div class=\"timeline__substep\" data-mandatory=\"true\">\n                                                            <h4 class=\"timeline__subtitle\"><p><strong>Trois ans<\/strong> apr\u00e8s la mise en service<\/p>\n<\/h4>\n                                                        <div class=\"timeline__title-wrapper\">\n                                <h3 class=\"timeline__title\"><p><strong>3.<\/strong> Test de constance<\/p>\n<\/h3>\n                                                            <\/div>\n                                                            <div class=\"timeline__description\"><p><span class=\"TextRun SCXW140200482 BCX0\" lang=\"DE-CH\" xml:lang=\"DE-CH\" data-contrast=\"none\"><span class=\"NormalTextRun SCXW140200482 BCX0\">Pour le contr\u00f4le annuel de constance prescrit par l'OFSP, nous nous adressons automatiquement \u00e0 vous.<\/span><\/span><\/p>\n<\/div>\n                                                    <\/div>\n                                            <div class=\"timeline__substep\" data-mandatory=\"false\">\n                                                            <h4 class=\"timeline__subtitle\"><p><strong>Trois ans<\/strong> apr\u00e8s la mise en service<\/p>\n<\/h4>\n                                                        <div class=\"timeline__title-wrapper\">\n                                <h3 class=\"timeline__title\"><p>Maintenance du g\u00e9n\u00e9rateur<\/p>\n<\/h3>\n                                                                    <span class=\"badge\">recommand\u00e9<\/span>\n                                                            <\/div>\n                                                            <div class=\"timeline__description\"><\/div>\n                                                    <\/div>\n                                            <div class=\"timeline__substep\" data-mandatory=\"true\">\n                                                            <h4 class=\"timeline__subtitle\"><p><strong>Quatre ans<\/strong> apr\u00e8s la mise en service<\/p>\n<\/h4>\n                                                        <div class=\"timeline__title-wrapper\">\n                                <h3 class=\"timeline__title\"><p><strong>4.<\/strong> Test de constance<\/p>\n<\/h3>\n                                                            <\/div>\n                                                            <div class=\"timeline__description\"><p><span class=\"TextRun SCXW140200482 BCX0\" lang=\"DE-CH\" xml:lang=\"DE-CH\" data-contrast=\"none\"><span class=\"NormalTextRun SCXW140200482 BCX0\">Pour le contr\u00f4le annuel de constance prescrit par l'OFSP, nous nous adressons automatiquement \u00e0 vous.<\/span><\/span><\/p>\n<\/div>\n                                                    <\/div>\n                                            <div class=\"timeline__substep\" data-mandatory=\"true\">\n                                                            <h4 class=\"timeline__subtitle\"><p><strong>Cinq ans<\/strong> apr\u00e8s la mise en service<\/p>\n<\/h4>\n                                                        <div class=\"timeline__title-wrapper\">\n                                <h3 class=\"timeline__title\"><p><strong>5.<\/strong> Test de constance<\/p>\n<\/h3>\n                                                            <\/div>\n                                                            <div class=\"timeline__description\"><p><span class=\"TextRun SCXW140200482 BCX0\" lang=\"DE-CH\" xml:lang=\"DE-CH\" data-contrast=\"none\"><span class=\"NormalTextRun SCXW140200482 BCX0\">Pour le contr\u00f4le annuel de constance prescrit par l'OFSP, nous nous adressons automatiquement \u00e0 vous.<\/span><\/span><\/p>\n<\/div>\n                                                    <\/div>\n                                    <\/div>\n            <\/div>\n                    <div class=\"timeline__step\">\n                <div class=\"timeline__step-media\">\n                                            <i class=\"icon icon-gear\"><\/i>\n                                    <\/div>\n                <div class=\"timeline__substeps\">\n                                            <div class=\"timeline__substep\" data-mandatory=\"true\">\n                                                            <h4 class=\"timeline__subtitle\"><p><strong>Six ans<\/strong> apr\u00e8s la mise en service<\/p>\n<\/h4>\n                                                        <div class=\"timeline__title-wrapper\">\n                                <h3 class=\"timeline__title\"><p><span class=\"TextRun SCXW63832090 BCX0\" lang=\"DE-CH\" xml:lang=\"DE-CH\" data-contrast=\"none\"><span class=\"NormalTextRun SCXW63832090 BCX0\">Maintenance avec contr\u00f4le de l'\u00e9tat<\/span><\/span><\/p>\n<\/h3>\n                                                            <\/div>\n                                                            <div class=\"timeline__description\"><p>Apr\u00e8s 6 ans, nous effectuons une maintenance avec <span class=\"TextRun SCXW55715838 BCX0\" lang=\"DE-CH\" xml:lang=\"DE-CH\" data-contrast=\"auto\"><span class=\"NormalTextRun SCXW55715838 BCX0\">Contr\u00f4le de l'\u00e9tat <\/span><\/span>par l'interm\u00e9diaire de l'OFSP. Celle-ci est prescrite par l'OFSP. L\u00e0 aussi, nous nous adressons automatiquement \u00e0 vous.<\/p>\n<\/div>\n                                                    <\/div>\n                                    <\/div>\n            <\/div>\n                    <div class=\"timeline__step\">\n                <div class=\"timeline__step-media\">\n                                            <i class=\"icon icon-repeat\"><\/i>\n                                    <\/div>\n                <div class=\"timeline__substeps\">\n                                            <div class=\"timeline__substep\" data-mandatory=\"true\">\n                                                            <h4 class=\"timeline__subtitle\"><\/h4>\n                                                        <div class=\"timeline__title-wrapper\">\n                                <h3 class=\"timeline__title\"><p>Le cycle se r\u00e9p\u00e8te<\/p>\n<\/h3>\n                                                            <\/div>\n                                                            <div class=\"timeline__description\"><p>Apr\u00e8s six ans, le cycle recommence et un nouveau test de constance a lieu apr\u00e8s une ann\u00e9e suppl\u00e9mentaire.<\/p>\n<\/div>\n                                                    <\/div>\n                                    <\/div>\n            <\/div>\n            <\/div>\n<\/div>\n\n\n<div style=\"height:30px\" aria-hidden=\"true\" class=\"wp-block-spacer\"><\/div>\n\n\n<div class=\"alignwide has-background has-primary-light-background-color wp-block-roentgen-service-contact wp-elements-c8e2eaa9eab403dc8eb6194d3acf7423\">\n    <img loading=\"lazy\" width=\"300\" height=\"200\" src=\"https:\/\/www.roentgen-service.ch\/wp-content\/uploads\/2022\/12\/portrait_damian-widmer-scaled-300x200.jpg\" class=\"attachment-medium size-medium\" alt=\"\" decoding=\"async\" srcset=\"https:\/\/www.roentgen-service.ch\/wp-content\/uploads\/2022\/12\/portrait_damian-widmer-scaled-300x200.jpg 300w, https:\/\/www.roentgen-service.ch\/wp-content\/uploads\/2022\/12\/portrait_damian-widmer-scaled-1024x684.jpg 1024w, https:\/\/www.roentgen-service.ch\/wp-content\/uploads\/2022\/12\/portrait_damian-widmer-scaled-768x513.jpg 768w, https:\/\/www.roentgen-service.ch\/wp-content\/uploads\/2022\/12\/portrait_damian-widmer-scaled-1536x1025.jpg 1536w, https:\/\/www.roentgen-service.ch\/wp-content\/uploads\/2022\/12\/portrait_damian-widmer-scaled-2048x1367.jpg 2048w, https:\/\/www.roentgen-service.ch\/wp-content\/uploads\/2022\/12\/portrait_damian-widmer-scaled-900x601.jpg 900w, https:\/\/www.roentgen-service.ch\/wp-content\/uploads\/2022\/12\/portrait_damian-widmer-scaled-600x401.jpg 600w\" sizes=\"(max-width: 300px) 100vw, 300px\" \/>    <div class=\"contact\">\n        <h2 class=\"contact__title\">Vous avez des questions ?<\/h2>\n                    <p class=\"contact__text\">Nous vous conseillons volontiers personnellement pour toutes vos demandes. Si vous \u00eates int\u00e9ress\u00e9(e) par nos produits, nous vous soumettrons volontiers une offre individuelle, sur mesure et optimis\u00e9e en termes de co\u00fbts et d'utilisation.<\/p>\n                            <div class=\"wp-block-buttons contact__actions\">\n                                    <div class=\"wp-block-button contact__email\">\n                        <a href=\"mailto:kontakt@roentgen-service.ch\" class=\"wp-block-button__link has-background has-primary-background-color\">\n                            kontakt@roentgen-service.ch                        <\/a>\n                    <\/div>\n                                                    <div class=\"wp-block-button contact__phone\">\n                        <a href=\"tel:+41 41 260 02 66\" class=\"wp-block-button__link has-background has-primary-background-color\">\n                            +41 41 260 02 66                        <\/a>\n                    <\/div>\n                            <\/div>\n            <\/div>\n<\/div>","protected":false},"excerpt":{"rendered":"<p>Service f\u00fcr Ihr R\u00f6ntgensystem Auch wenn durch die Einf\u00fchrung des digitalen R\u00f6ntgens die Systeme vereinfacht wurden und die Betriebskosten entsprechend massiv gesenkt werden konnten, kommen moderne Anlagen nicht ohne sorgf\u00e4ltig ausgef\u00fchrte Wartungen aus. Des Weiteren gibt es je nach Anwendungsbereich unterschiedliche gesetzliche Vorschriften f\u00fcr die Wartungsintervalle und den Umfang der Wartung. Um die Leistung, Lebensdauer [&hellip;]<\/p>","protected":false},"author":1,"featured_media":0,"parent":0,"menu_order":0,"comment_status":"closed","ping_status":"closed","template":"","meta":{"footnotes":""},"acf":[],"_links":{"self":[{"href":"https:\/\/www.roentgen-service.ch\/fr\/wp-json\/wp\/v2\/pages\/58"}],"collection":[{"href":"https:\/\/www.roentgen-service.ch\/fr\/wp-json\/wp\/v2\/pages"}],"about":[{"href":"https:\/\/www.roentgen-service.ch\/fr\/wp-json\/wp\/v2\/types\/page"}],"author":[{"embeddable":true,"href":"https:\/\/www.roentgen-service.ch\/fr\/wp-json\/wp\/v2\/users\/1"}],"replies":[{"embeddable":true,"href":"https:\/\/www.roentgen-service.ch\/fr\/wp-json\/wp\/v2\/comments?post=58"}],"version-history":[{"count":52,"href":"https:\/\/www.roentgen-service.ch\/fr\/wp-json\/wp\/v2\/pages\/58\/revisions"}],"predecessor-version":[{"id":2007,"href":"https:\/\/www.roentgen-service.ch\/fr\/wp-json\/wp\/v2\/pages\/58\/revisions\/2007"}],"wp:attachment":[{"href":"https:\/\/www.roentgen-service.ch\/fr\/wp-json\/wp\/v2\/media?parent=58"}],"curies":[{"name":"wp","href":"https:\/\/api.w.org\/{rel}","templated":true}]}}