{"id":55,"date":"2022-09-26T09:46:42","date_gmt":"2022-09-26T07:46:42","guid":{"rendered":"https:\/\/roentgen-service.dev.hayloft-it.ch\/?page_id=55"},"modified":"2026-03-25T09:39:14","modified_gmt":"2026-03-25T08:39:14","slug":"applications-industrielles","status":"publish","type":"page","link":"https:\/\/www.roentgen-service.ch\/fr\/applications-industrielles\/","title":{"rendered":"La radiographie num\u00e9rique pour les applications industrielles"},"content":{"rendered":"<h1 class=\"wp-block-heading has-text-align-left\">Radiographie num\u00e9rique pour applications industrielles en Suisse - Syst\u00e8mes portables \/ mobiles, PACS &amp; solutions de mise \u00e0 niveau<\/h1>\n\n\n\n<p class=\"has-text-align-left\">Chez nous, la radiographie num\u00e9rique pour les applications industrielles et le contr\u00f4le des mat\u00e9riaux en Suisse est synonyme de r\u00e9sultats pr\u00e9cis, de possibilit\u00e9s d'utilisation flexibles et de processus de travail efficaces. Notre portefeuille de produits comprend avant tout des syst\u00e8mes de radiographie num\u00e9rique portables (mobiles), des solutions pour la num\u00e9risation d'installations de radiographie existantes ainsi que des syst\u00e8mes de r\u00e9ception d'images num\u00e9riques ultramodernes.<br><br>Pour tous les syst\u00e8mes, nous proposons un logiciel d'acquisition &amp; de contr\u00f4le intuitif et des progiciels PACS modulaires et extensibles adapt\u00e9s \u00e0 chaque domaine d'application pour une gestion optimale des images. Gr\u00e2ce \u00e0 notre haut degr\u00e9 d'individualisation, nous pouvons adapter les syst\u00e8mes exactement \u00e0 vos exigences - du contr\u00f4le non destructif des mat\u00e9riaux aux proc\u00e9dures de contr\u00f4le industriel sp\u00e9cialis\u00e9es.<br><br>Gr\u00e2ce \u00e0 notre longue exp\u00e9rience, nous d\u00e9veloppons des solutions pr\u00e9sentant un rapport co\u00fbt-efficacit\u00e9 optimal. Sur demande, nous proposons \u00e9galement des syst\u00e8mes d'occasion soigneusement test\u00e9s et r\u00e9pondant \u00e0 nos normes de qualit\u00e9 \u00e9lev\u00e9es. Vous obtenez ainsi une solution sur mesure qui allie pr\u00e9cision technique et efficacit\u00e9 \u00e9conomique.<\/p>\n\n\n\n<div class=\"wp-block-group alignwide teasers is-content-justification-left is-nowrap is-layout-flex wp-container-1 wp-block-group-is-layout-flex\"><a class=\"hentry wp-block-roentgen-service-teaser\" href=\"https:\/\/www.roentgen-service.ch\/fr\/produits\/applications-industrielles\/systemes-delectrodes-portables\/\">\n    <div class=\"teaser__thumbnail-wrapper\">\n        <img loading=\"lazy\" width=\"769\" height=\"500\" src=\"https:\/\/www.roentgen-service.ch\/wp-content\/uploads\/2025\/01\/Leonardo-DR-nano-NDT-Radiographic-Testing-1.jpg\" class=\"attachment-teaser size-teaser\" alt=\"La radiographie num\u00e9rique pour les applications industrielles\" decoding=\"async\" srcset=\"https:\/\/www.roentgen-service.ch\/wp-content\/uploads\/2025\/01\/Leonardo-DR-nano-NDT-Radiographic-Testing-1.jpg 1000w, https:\/\/www.roentgen-service.ch\/wp-content\/uploads\/2025\/01\/Leonardo-DR-nano-NDT-Radiographic-Testing-1-300x195.jpg 300w, https:\/\/www.roentgen-service.ch\/wp-content\/uploads\/2025\/01\/Leonardo-DR-nano-NDT-Radiographic-Testing-1-768x499.jpg 768w, https:\/\/www.roentgen-service.ch\/wp-content\/uploads\/2025\/01\/Leonardo-DR-nano-NDT-Radiographic-Testing-1-900x585.jpg 900w, https:\/\/www.roentgen-service.ch\/wp-content\/uploads\/2025\/01\/Leonardo-DR-nano-NDT-Radiographic-Testing-1-600x390.jpg 600w\" sizes=\"(max-width: 769px) 100vw, 769px\" \/>            <\/div>\n    <div class=\"teaser__title-wrapper\">\n        <h3 class=\"teaser__title\">Syst\u00e8mes de radiographie portables<\/h3>\n                    <p class=\"teaser__text\">Syst\u00e8mes de radiographie num\u00e9rique l\u00e9gers et portables dans diff\u00e9rents formats.<\/p>\n            <\/div>\n    <div class=\"wp-block-buttons teaser__actions\">\n        <div class=\"wp-block-button is-style-small teaser__read-more\">\n            <span class=\"wp-block-button__link\">\n                Vers l'offre            <\/span>\n        <\/div>\n    <\/div>\n<\/a>\n\n<a class=\"hentry wp-block-roentgen-service-teaser\" href=\"https:\/\/www.roentgen-service.ch\/fr\/produits\/applications-industrielles\/digital-roentgen-nachruestung-industrie\/\">\n    <div class=\"teaser__thumbnail-wrapper\">\n        <img loading=\"lazy\" width=\"769\" height=\"500\" src=\"https:\/\/www.roentgen-service.ch\/wp-content\/uploads\/2025\/01\/NDT-Non-Destructive-Testing-1b-1.jpg\" class=\"attachment-teaser size-teaser\" alt=\"\" decoding=\"async\" srcset=\"https:\/\/www.roentgen-service.ch\/wp-content\/uploads\/2025\/01\/NDT-Non-Destructive-Testing-1b-1.jpg 1000w, https:\/\/www.roentgen-service.ch\/wp-content\/uploads\/2025\/01\/NDT-Non-Destructive-Testing-1b-1-300x195.jpg 300w, https:\/\/www.roentgen-service.ch\/wp-content\/uploads\/2025\/01\/NDT-Non-Destructive-Testing-1b-1-768x499.jpg 768w, https:\/\/www.roentgen-service.ch\/wp-content\/uploads\/2025\/01\/NDT-Non-Destructive-Testing-1b-1-900x585.jpg 900w, https:\/\/www.roentgen-service.ch\/wp-content\/uploads\/2025\/01\/NDT-Non-Destructive-Testing-1b-1-600x390.jpg 600w\" sizes=\"(max-width: 769px) 100vw, 769px\" \/>            <\/div>\n    <div class=\"teaser__title-wrapper\">\n        <h3 class=\"teaser__title\">Solutions radiologiques &amp; num\u00e9risation<\/h3>\n                    <p class=\"teaser__text\">Syst\u00e8mes de r\u00e9ception d'images num\u00e9riques universels et solutions de num\u00e9risation pour la mise \u00e0 niveau des installations existantes.<\/p>\n            <\/div>\n    <div class=\"wp-block-buttons teaser__actions\">\n        <div class=\"wp-block-button is-style-small teaser__read-more\">\n            <span class=\"wp-block-button__link\">\n                Vers l'offre            <\/span>\n        <\/div>\n    <\/div>\n<\/a>\n\n<a class=\"hentry wp-block-roentgen-service-teaser\" href=\"https:\/\/www.roentgen-service.ch\/fr\/produits\/applications-industrielles\/logiciel-industrie\/logiciel-denregistrement-et-de-controle\/\">\n    <div class=\"teaser__thumbnail-wrapper\">\n        <img loading=\"lazy\" width=\"769\" height=\"500\" src=\"https:\/\/www.roentgen-service.ch\/wp-content\/uploads\/2025\/01\/NDT-Non-Destructive-Testing-mobile-1.jpg\" class=\"attachment-teaser size-teaser\" alt=\"\" decoding=\"async\" srcset=\"https:\/\/www.roentgen-service.ch\/wp-content\/uploads\/2025\/01\/NDT-Non-Destructive-Testing-mobile-1.jpg 1000w, https:\/\/www.roentgen-service.ch\/wp-content\/uploads\/2025\/01\/NDT-Non-Destructive-Testing-mobile-1-300x195.jpg 300w, https:\/\/www.roentgen-service.ch\/wp-content\/uploads\/2025\/01\/NDT-Non-Destructive-Testing-mobile-1-768x499.jpg 768w, https:\/\/www.roentgen-service.ch\/wp-content\/uploads\/2025\/01\/NDT-Non-Destructive-Testing-mobile-1-900x585.jpg 900w, https:\/\/www.roentgen-service.ch\/wp-content\/uploads\/2025\/01\/NDT-Non-Destructive-Testing-mobile-1-600x390.jpg 600w\" sizes=\"(max-width: 769px) 100vw, 769px\" \/>            <\/div>\n    <div class=\"teaser__title-wrapper\">\n        <h3 class=\"teaser__title\">Logiciel d'enregistrement et de contr\u00f4le<\/h3>\n                    <p class=\"teaser__text\">Logiciel d'acquisition et de contr\u00f4le simple et intuitif pour l'int\u00e9gration du syst\u00e8me radiographique num\u00e9rique complet pour les proc\u00e9dures de contr\u00f4le non destructif dans le secteur industriel.<\/p>\n            <\/div>\n    <div class=\"wp-block-buttons teaser__actions\">\n        <div class=\"wp-block-button is-style-small teaser__read-more\">\n            <span class=\"wp-block-button__link\">\n                Vers l'offre            <\/span>\n        <\/div>\n    <\/div>\n<\/a>\n\n<a class=\"hentry wp-block-roentgen-service-teaser\" href=\"https:\/\/www.roentgen-service.ch\/fr\/produits\/applications-industrielles\/logiciel-industrie\/pacs-gestion-dimages-logiciel-industrie\/\">\n    <div class=\"teaser__thumbnail-wrapper\">\n        <img loading=\"lazy\" width=\"769\" height=\"500\" src=\"https:\/\/www.roentgen-service.ch\/wp-content\/uploads\/2025\/01\/dicondePACS-Software-NDT-Durchstrahlungspruefung-RT-1.jpg\" class=\"attachment-teaser size-teaser\" alt=\"\" decoding=\"async\" srcset=\"https:\/\/www.roentgen-service.ch\/wp-content\/uploads\/2025\/01\/dicondePACS-Software-NDT-Durchstrahlungspruefung-RT-1.jpg 1000w, https:\/\/www.roentgen-service.ch\/wp-content\/uploads\/2025\/01\/dicondePACS-Software-NDT-Durchstrahlungspruefung-RT-1-300x195.jpg 300w, https:\/\/www.roentgen-service.ch\/wp-content\/uploads\/2025\/01\/dicondePACS-Software-NDT-Durchstrahlungspruefung-RT-1-768x499.jpg 768w, https:\/\/www.roentgen-service.ch\/wp-content\/uploads\/2025\/01\/dicondePACS-Software-NDT-Durchstrahlungspruefung-RT-1-900x585.jpg 900w, https:\/\/www.roentgen-service.ch\/wp-content\/uploads\/2025\/01\/dicondePACS-Software-NDT-Durchstrahlungspruefung-RT-1-600x390.jpg 600w\" sizes=\"(max-width: 769px) 100vw, 769px\" \/>            <\/div>\n    <div class=\"teaser__title-wrapper\">\n        <h3 class=\"teaser__title\">PACS \/ gestion des images<\/h3>\n                    <p class=\"teaser__text\">Modules logiciels PACS de base et sp\u00e9cifiques \u00e0 l'application pour la gestion des images num\u00e9riques.<\/p>\n            <\/div>\n    <div class=\"wp-block-buttons teaser__actions\">\n        <div class=\"wp-block-button is-style-small teaser__read-more\">\n            <span class=\"wp-block-button__link\">\n                Vers l'offre            <\/span>\n        <\/div>\n    <\/div>\n<\/a>\n\n<a class=\"hentry wp-block-roentgen-service-teaser\" href=\"https:\/\/www.roentgen-service.ch\/fr\/applications-industrielles\/accessoires-pour-radiographie\/\">\n    <div class=\"teaser__thumbnail-wrapper\">\n        <img loading=\"lazy\" width=\"750\" height=\"500\" src=\"https:\/\/www.roentgen-service.ch\/wp-content\/uploads\/2024\/09\/iStock-2138411222-scaled.jpg\" class=\"attachment-teaser size-teaser\" alt=\"\" decoding=\"async\" srcset=\"https:\/\/www.roentgen-service.ch\/wp-content\/uploads\/2024\/09\/iStock-2138411222-scaled.jpg 2560w, https:\/\/www.roentgen-service.ch\/wp-content\/uploads\/2024\/09\/iStock-2138411222-300x200.jpg 300w, https:\/\/www.roentgen-service.ch\/wp-content\/uploads\/2024\/09\/iStock-2138411222-1024x683.jpg 1024w, https:\/\/www.roentgen-service.ch\/wp-content\/uploads\/2024\/09\/iStock-2138411222-768x512.jpg 768w, https:\/\/www.roentgen-service.ch\/wp-content\/uploads\/2024\/09\/iStock-2138411222-1536x1024.jpg 1536w, https:\/\/www.roentgen-service.ch\/wp-content\/uploads\/2024\/09\/iStock-2138411222-2048x1365.jpg 2048w, https:\/\/www.roentgen-service.ch\/wp-content\/uploads\/2024\/09\/iStock-2138411222-900x600.jpg 900w, https:\/\/www.roentgen-service.ch\/wp-content\/uploads\/2024\/09\/iStock-2138411222-600x400.jpg 600w\" sizes=\"(max-width: 750px) 100vw, 750px\" \/>            <\/div>\n    <div class=\"teaser__title-wrapper\">\n        <h3 class=\"teaser__title\">Accessoires de radiologie<\/h3>\n                    <p class=\"teaser__text\">Notre gamme d'accessoires de radiologie comprend divers articles compl\u00e9mentaires et auxiliaires.<\/p>\n            <\/div>\n    <div class=\"wp-block-buttons teaser__actions\">\n        <div class=\"wp-block-button is-style-small teaser__read-more\">\n            <span class=\"wp-block-button__link\">\n                Vers l'offre            <\/span>\n        <\/div>\n    <\/div>\n<\/a>\n\n<a class=\"hentry has-badge wp-block-roentgen-service-teaser\" href=\"https:\/\/www.roentgen-service.ch\/fr\/contact\/\">\n    <div class=\"teaser__thumbnail-wrapper\">\n        <img loading=\"lazy\" width=\"769\" height=\"500\" src=\"https:\/\/www.roentgen-service.ch\/wp-content\/uploads\/2025\/01\/Leonardo-DR-nano-NDT-Radiographic-Testing-1.jpg\" class=\"attachment-teaser size-teaser\" alt=\"La radiographie num\u00e9rique pour les applications industrielles\" decoding=\"async\" srcset=\"https:\/\/www.roentgen-service.ch\/wp-content\/uploads\/2025\/01\/Leonardo-DR-nano-NDT-Radiographic-Testing-1.jpg 1000w, https:\/\/www.roentgen-service.ch\/wp-content\/uploads\/2025\/01\/Leonardo-DR-nano-NDT-Radiographic-Testing-1-300x195.jpg 300w, https:\/\/www.roentgen-service.ch\/wp-content\/uploads\/2025\/01\/Leonardo-DR-nano-NDT-Radiographic-Testing-1-768x499.jpg 768w, https:\/\/www.roentgen-service.ch\/wp-content\/uploads\/2025\/01\/Leonardo-DR-nano-NDT-Radiographic-Testing-1-900x585.jpg 900w, https:\/\/www.roentgen-service.ch\/wp-content\/uploads\/2025\/01\/Leonardo-DR-nano-NDT-Radiographic-Testing-1-600x390.jpg 600w\" sizes=\"(max-width: 769px) 100vw, 769px\" \/>                    <span class=\"badge\">Occasion<\/span>\n            <\/div>\n    <div class=\"teaser__title-wrapper\">\n        <h3 class=\"teaser__title\">Syst\u00e8mes d'occasion<\/h3>\n                    <p class=\"teaser__text\">N'h\u00e9sitez pas \u00e0 nous contacter si vous \u00eates int\u00e9ress\u00e9 par une installation radiologique d'occasion.<\/p>\n            <\/div>\n    <div class=\"wp-block-buttons teaser__actions\">\n        <div class=\"wp-block-button is-style-small teaser__read-more\">\n            <span class=\"wp-block-button__link\">\n                Contact            <\/span>\n        <\/div>\n    <\/div>\n<\/a><\/div>\n\n\n\n<div class=\"wp-block-group alignwide has-primary-light-background-color has-background is-layout-flow wp-block-group-is-layout-flow\">\n<div class=\"wp-block-group is-content-justification-space-between is-layout-flex wp-container-3 wp-block-group-is-layout-flex\">\n<h2 class=\"wp-block-heading\">Liste de contr\u00f4le lors de l'achat d'un syst\u00e8me de radiographie<\/h2>\n\n\n\n<div class=\"wp-block-buttons is-layout-flex wp-block-buttons-is-layout-flex\">\n<div class=\"wp-block-button is-style-small\"><a class=\"wp-block-button__link wp-element-button\" href=\"https:\/\/www.roentgen-service.ch\/fr\/support\/#fragen\">Vers les questions fr\u00e9quemment pos\u00e9es et les conseils<\/a><\/div>\n<\/div>\n<\/div>\n\n\n\n<div class=\"wp-block-group tiles-with-icon is-content-justification-space-between is-nowrap is-layout-flex wp-container-12 wp-block-group-is-layout-flex\">\n<div class=\"wp-block-group is-layout-constrained wp-block-group-is-layout-constrained\"><div class=\"wp-block-roentgen-service-icon\">\n    <i class=\"icon icon-people-robbery\"><\/i>\n<\/div>\n\n\n<div class=\"wp-block-group is-layout-constrained wp-block-group-is-layout-constrained\">\n<p><strong>Demandez \u00e0 vos coll\u00e8gues<\/strong><\/p>\n\n\n\n<p>Les recommandations personnelles aident souvent \u00e0 choisir le bon prestataire.<\/p>\n<\/div>\n<\/div>\n\n\n\n<div class=\"wp-block-group is-layout-constrained wp-block-group-is-layout-constrained\"><div class=\"wp-block-roentgen-service-icon\">\n    <i class=\"icon icon-glasses\"><\/i>\n<\/div>\n\n\n<div class=\"wp-block-group is-layout-constrained wp-block-group-is-layout-constrained\">\n<p><strong>Faire des recherches<\/strong><\/p>\n\n\n\n<p>Faites-vous votre propre id\u00e9e sur les prestataires recommand\u00e9s.<\/p>\n<\/div>\n<\/div>\n\n\n\n<div class=\"wp-block-group is-layout-constrained wp-block-group-is-layout-constrained\"><div class=\"wp-block-roentgen-service-icon\">\n    <i class=\"icon icon-comments-question-check\"><\/i>\n<\/div>\n\n\n<div class=\"wp-block-group is-layout-constrained wp-block-group-is-layout-constrained\">\n<p><strong>Demandez conseil<\/strong><\/p>\n\n\n\n<p>Un conseil personnalis\u00e9 est essentiel pour trouver le produit qui convient.<\/p>\n<\/div>\n<\/div>\n\n\n\n<div class=\"wp-block-group is-layout-constrained wp-block-group-is-layout-constrained\"><div class=\"wp-block-roentgen-service-icon\">\n    <i class=\"icon icon-phone-volume-thin\"><\/i>\n<\/div>\n\n\n<div class=\"wp-block-group is-layout-constrained wp-block-group-is-layout-constrained\">\n<p><strong>Demandez de l'aide<\/strong><\/p>\n\n\n\n<p>En cas de probl\u00e8me, il faut agir vite. Renseignez-vous donc au pr\u00e9alable sur l'offre d'assistance.<\/p>\n<\/div>\n<\/div>\n<\/div>\n<\/div>","protected":false},"excerpt":{"rendered":"<p>Digitales R\u00f6ntgen f\u00fcr Industrieanwendungen in der Schweiz \u2013 Portable \/ Mobile Systeme, PACS &amp; Nachr\u00fcstl\u00f6sungen Digitales R\u00f6ntgen f\u00fcr Industrieanwendungen und Materialpr\u00fcfung in der Schweiz steht bei uns f\u00fcr pr\u00e4zise Ergebnisse, flexible Einsatzm\u00f6glichkeiten und effiziente Arbeitsprozesse. Unser Produktportfolio umfasst vor allem portable (mobile) digitale R\u00f6ntgensysteme, L\u00f6sungen zur Digitalisierung bestehender R\u00f6ntgenanlagen sowie modernste digitale Bildempf\u00e4ngersysteme. F\u00fcr alle [&hellip;]<\/p>","protected":false},"author":1,"featured_media":0,"parent":0,"menu_order":0,"comment_status":"closed","ping_status":"closed","template":"","meta":{"footnotes":""},"acf":[],"_links":{"self":[{"href":"https:\/\/www.roentgen-service.ch\/fr\/wp-json\/wp\/v2\/pages\/55"}],"collection":[{"href":"https:\/\/www.roentgen-service.ch\/fr\/wp-json\/wp\/v2\/pages"}],"about":[{"href":"https:\/\/www.roentgen-service.ch\/fr\/wp-json\/wp\/v2\/types\/page"}],"author":[{"embeddable":true,"href":"https:\/\/www.roentgen-service.ch\/fr\/wp-json\/wp\/v2\/users\/1"}],"replies":[{"embeddable":true,"href":"https:\/\/www.roentgen-service.ch\/fr\/wp-json\/wp\/v2\/comments?post=55"}],"version-history":[{"count":38,"href":"https:\/\/www.roentgen-service.ch\/fr\/wp-json\/wp\/v2\/pages\/55\/revisions"}],"predecessor-version":[{"id":2063,"href":"https:\/\/www.roentgen-service.ch\/fr\/wp-json\/wp\/v2\/pages\/55\/revisions\/2063"}],"wp:attachment":[{"href":"https:\/\/www.roentgen-service.ch\/fr\/wp-json\/wp\/v2\/media?parent=55"}],"curies":[{"name":"wp","href":"https:\/\/api.w.org\/{rel}","templated":true}]}}