{"id":1749,"date":"2025-02-05T11:33:31","date_gmt":"2025-02-05T10:33:31","guid":{"rendered":"https:\/\/www.roentgen-service.ch\/?page_id=1749"},"modified":"2025-11-17T11:23:46","modified_gmt":"2025-11-17T10:23:46","slug":"accessoires-pour-radiographie","status":"publish","type":"page","link":"https:\/\/www.roentgen-service.ch\/fr\/medecine-veterinaire\/accessoires-pour-radiographie\/","title":{"rendered":"Accessoires de radiologie"},"content":{"rendered":"<h1 class=\"wp-block-heading has-text-align-left\">Accessoires de radiologie pour la m\u00e9decine v\u00e9t\u00e9rinaire en Suisse - stockage, radioprotection &amp; auxiliaires<\/h1>\n\n\n\n<p>Nos accessoires de radiologie pour la m\u00e9decine v\u00e9t\u00e9rinaire en Suisse comprennent un grand choix d'articles compl\u00e9mentaires et d'outils qui rendent le travail quotidien des cabinets v\u00e9t\u00e9rinaires, des cliniques v\u00e9t\u00e9rinaires et des services v\u00e9t\u00e9rinaires mobiles plus efficace et plus s\u00fbr.<br><br>Notre assortiment comprend<\/p>\n\n\n\n<ul>\n<li>Aides au positionnement telles que sacs de sable, pelotes de soutien et tapis de support pour tables d'examen<\/li>\n\n\n\n<li>bandes de compression pour une fixation s\u00fbre pendant l'enregistrement<\/li>\n\n\n\n<li>des jauges d'\u00e9paisseur (Caliper) pour d\u00e9terminer avec pr\u00e9cision les r\u00e9glages de prise de vue<\/li>\n\n\n\n<li>Articles de radioprotection pour les animaux et le personnel<\/li>\n\n\n\n<li>Filtre de compensation pour am\u00e9liorer la qualit\u00e9 de l'image<\/li>\n<\/ul>\n\n\n\n<p class=\"translation-block\">Tous les produits sont con\u00e7us pour une longue dur\u00e9e de vie, une utilisation simple et une fonctionnalit\u00e9 optimale. Nous vous conseillons personnellement dans votre choix et \u00e9tablissons sur demande une offre individuelle optimis\u00e9e en termes de co\u00fbts et d'utilisation - en fonction des exigences de votre \u00e9tablissement.<br><br>Pour plus de d\u00e9tails et d'informations sur les prix, consultez notre <a rel=\"noreferrer noopener\" href=\"https:\/\/www.roentgen-service.ch\/wp-content\/uploads\/2024\/08\/Preisliste-RS_08.2024.pdf\" target=\"_blank\">liste de prix<\/a>.<\/p>\n\n\n\n<div style=\"height:0px\" aria-hidden=\"true\" class=\"wp-block-spacer\"><\/div>\n\n\n\n<div class=\"wp-block-group alignwide has-primary-light-background-color has-background is-layout-constrained wp-block-group-is-layout-constrained\"><div class=\"alignwide wp-block-roentgen-service-contact\">\n    <img loading=\"lazy\" width=\"300\" height=\"200\" src=\"https:\/\/www.roentgen-service.ch\/wp-content\/uploads\/2022\/12\/portrait_damian-widmer-scaled-300x200.jpg\" class=\"attachment-medium size-medium\" alt=\"\" decoding=\"async\" srcset=\"https:\/\/www.roentgen-service.ch\/wp-content\/uploads\/2022\/12\/portrait_damian-widmer-scaled-300x200.jpg 300w, https:\/\/www.roentgen-service.ch\/wp-content\/uploads\/2022\/12\/portrait_damian-widmer-scaled-1024x684.jpg 1024w, https:\/\/www.roentgen-service.ch\/wp-content\/uploads\/2022\/12\/portrait_damian-widmer-scaled-768x513.jpg 768w, https:\/\/www.roentgen-service.ch\/wp-content\/uploads\/2022\/12\/portrait_damian-widmer-scaled-1536x1025.jpg 1536w, https:\/\/www.roentgen-service.ch\/wp-content\/uploads\/2022\/12\/portrait_damian-widmer-scaled-2048x1367.jpg 2048w, https:\/\/www.roentgen-service.ch\/wp-content\/uploads\/2022\/12\/portrait_damian-widmer-scaled-900x601.jpg 900w, https:\/\/www.roentgen-service.ch\/wp-content\/uploads\/2022\/12\/portrait_damian-widmer-scaled-600x401.jpg 600w\" sizes=\"(max-width: 300px) 100vw, 300px\" \/>    <div class=\"contact\">\n        <h2 class=\"contact__title\">Vous avez des questions ?<\/h2>\n                    <p class=\"contact__text\">Nous vous conseillons volontiers personnellement pour toutes vos demandes. Si vous \u00eates int\u00e9ress\u00e9(e) par nos produits, nous vous soumettrons volontiers une offre individuelle, sur mesure et optimis\u00e9e en termes de co\u00fbts et d'utilisation.<\/p>\n                            <div class=\"wp-block-buttons contact__actions\">\n                                    <div class=\"wp-block-button contact__email\">\n                        <a href=\"mailto:kontakt@roentgen-service.ch\" class=\"wp-block-button__link has-background has-primary-background-color\">\n                            kontakt@roentgen-service.ch                        <\/a>\n                    <\/div>\n                                                    <div class=\"wp-block-button contact__phone\">\n                        <a href=\"tel:+41 41 260 02 66\" class=\"wp-block-button__link has-background has-primary-background-color\">\n                            +41 41 260 02 66                        <\/a>\n                    <\/div>\n                            <\/div>\n            <\/div>\n<\/div><\/div>","protected":false},"excerpt":{"rendered":"<p>R\u00f6ntgenzubeh\u00f6r f\u00fcr die Veterin\u00e4rmedizin in der Schweiz \u2013 Lagerung, Strahlenschutz &amp; Hilfsmittel Unser R\u00f6ntgenzubeh\u00f6r f\u00fcr die Veterin\u00e4rmedizin in der Schweiz umfasst eine grosse Auswahl an Zusatzartikeln und Hilfsmitteln, die den Arbeitsalltag in Tierarztpraxen, Tierkliniken und mobilen Veterin\u00e4rdiensten effizienter und sicherer machen. Unser Sortiment beinhaltet: Alle Produkte sind auf Langlebigkeit, einfache Handhabung und optimale Funktionalit\u00e4t ausgelegt. [&hellip;]<\/p>","protected":false},"author":1,"featured_media":0,"parent":53,"menu_order":0,"comment_status":"closed","ping_status":"closed","template":"","meta":{"footnotes":""},"acf":[],"_links":{"self":[{"href":"https:\/\/www.roentgen-service.ch\/fr\/wp-json\/wp\/v2\/pages\/1749"}],"collection":[{"href":"https:\/\/www.roentgen-service.ch\/fr\/wp-json\/wp\/v2\/pages"}],"about":[{"href":"https:\/\/www.roentgen-service.ch\/fr\/wp-json\/wp\/v2\/types\/page"}],"author":[{"embeddable":true,"href":"https:\/\/www.roentgen-service.ch\/fr\/wp-json\/wp\/v2\/users\/1"}],"replies":[{"embeddable":true,"href":"https:\/\/www.roentgen-service.ch\/fr\/wp-json\/wp\/v2\/comments?post=1749"}],"version-history":[{"count":9,"href":"https:\/\/www.roentgen-service.ch\/fr\/wp-json\/wp\/v2\/pages\/1749\/revisions"}],"predecessor-version":[{"id":2012,"href":"https:\/\/www.roentgen-service.ch\/fr\/wp-json\/wp\/v2\/pages\/1749\/revisions\/2012"}],"up":[{"embeddable":true,"href":"https:\/\/www.roentgen-service.ch\/fr\/wp-json\/wp\/v2\/pages\/53"}],"wp:attachment":[{"href":"https:\/\/www.roentgen-service.ch\/fr\/wp-json\/wp\/v2\/media?parent=1749"}],"curies":[{"name":"wp","href":"https:\/\/api.w.org\/{rel}","templated":true}]}}