{"id":1735,"date":"2025-02-05T11:11:44","date_gmt":"2025-02-05T10:11:44","guid":{"rendered":"https:\/\/www.roentgen-service.ch\/?page_id=1735"},"modified":"2025-11-17T11:19:55","modified_gmt":"2025-11-17T10:19:55","slug":"accessoires-pour-radiographie","status":"publish","type":"page","link":"https:\/\/www.roentgen-service.ch\/fr\/applications-industrielles\/accessoires-pour-radiographie\/","title":{"rendered":"Accessoires de radiologie"},"content":{"rendered":"<h1 class=\"wp-block-heading has-text-align-left\">Accessoires de radiologie pour applications industrielles en Suisse - Stockage, radioprotection &amp; auxiliaires<\/h1>\n\n\n\n<p>Notre gamme d'accessoires de radiographie pour les applications industrielles en Suisse comprend un grand choix d'articles compl\u00e9mentaires et d'outils qui rendent le travail quotidien dans le domaine des essais non destructifs (END) plus efficace et plus s\u00fbr.<br><br>Notre assortiment comprend<\/p>\n\n\n\n<ul>\n<li>Aides au positionnement telles que sacs de sable, pelotes de soutien et tapis d'appui<\/li>\n\n\n\n<li>bandes de compression pour une fixation s\u00fbre pendant l'examen<\/li>\n\n\n\n<li>Jauges d'\u00e9paisseur (Caliper) pour d\u00e9terminer avec pr\u00e9cision les r\u00e9glages de contr\u00f4le<\/li>\n\n\n\n<li>Articles de radioprotection pour le personnel et l'environnement<\/li>\n\n\n\n<li>Filtre de compensation pour optimiser la qualit\u00e9 de l'image<\/li>\n<\/ul>\n\n\n\n<p class=\"translation-block\">Tous les produits sont con\u00e7us pour une longue dur\u00e9e de vie, une utilisation simple et une fonctionnalit\u00e9 optimale. Nous vous conseillons personnellement dans votre choix et \u00e9tablissons sur demande une offre individuelle, optimis\u00e9e en termes de co\u00fbts et d'utilisation - adapt\u00e9e aux exigences de votre entreprise, de votre laboratoire d'essai ou de vos services d'essai mobiles.<br><br>Pour plus de d\u00e9tails et d'informations sur les prix, veuillez consulter notre <a rel=\"noreferrer noopener\" href=\"https:\/\/www.roentgen-service.ch\/wp-content\/uploads\/2024\/08\/Preisliste-RS_08.2024.pdf\" target=\"_blank\">liste de prix<\/a>.<\/p>\n\n\n\n<div style=\"height:0px\" aria-hidden=\"true\" class=\"wp-block-spacer\"><\/div>\n\n\n\n<div class=\"wp-block-group alignwide has-primary-light-background-color has-background is-layout-constrained wp-block-group-is-layout-constrained\"><div class=\"alignwide wp-block-roentgen-service-contact\">\n    <img loading=\"lazy\" width=\"300\" height=\"200\" src=\"https:\/\/www.roentgen-service.ch\/wp-content\/uploads\/2022\/12\/portrait_damian-widmer-scaled-300x200.jpg\" class=\"attachment-medium size-medium\" alt=\"\" decoding=\"async\" srcset=\"https:\/\/www.roentgen-service.ch\/wp-content\/uploads\/2022\/12\/portrait_damian-widmer-scaled-300x200.jpg 300w, https:\/\/www.roentgen-service.ch\/wp-content\/uploads\/2022\/12\/portrait_damian-widmer-scaled-1024x684.jpg 1024w, https:\/\/www.roentgen-service.ch\/wp-content\/uploads\/2022\/12\/portrait_damian-widmer-scaled-768x513.jpg 768w, https:\/\/www.roentgen-service.ch\/wp-content\/uploads\/2022\/12\/portrait_damian-widmer-scaled-1536x1025.jpg 1536w, https:\/\/www.roentgen-service.ch\/wp-content\/uploads\/2022\/12\/portrait_damian-widmer-scaled-2048x1367.jpg 2048w, https:\/\/www.roentgen-service.ch\/wp-content\/uploads\/2022\/12\/portrait_damian-widmer-scaled-900x601.jpg 900w, https:\/\/www.roentgen-service.ch\/wp-content\/uploads\/2022\/12\/portrait_damian-widmer-scaled-600x401.jpg 600w\" sizes=\"(max-width: 300px) 100vw, 300px\" \/>    <div class=\"contact\">\n        <h2 class=\"contact__title\">Vous avez des questions ?<\/h2>\n                    <p class=\"contact__text\">Nous vous conseillons volontiers personnellement pour toutes vos demandes. Si vous \u00eates int\u00e9ress\u00e9(e) par nos produits, nous vous soumettrons volontiers une offre individuelle, sur mesure et optimis\u00e9e en termes de co\u00fbts et d'utilisation.<\/p>\n                            <div class=\"wp-block-buttons contact__actions\">\n                                    <div class=\"wp-block-button contact__email\">\n                        <a href=\"mailto:kontakt@roentgen-service.ch\" class=\"wp-block-button__link has-background has-primary-background-color\">\n                            kontakt@roentgen-service.ch                        <\/a>\n                    <\/div>\n                                                    <div class=\"wp-block-button contact__phone\">\n                        <a href=\"tel:+41 41 260 02 66\" class=\"wp-block-button__link has-background has-primary-background-color\">\n                            +41 41 260 02 66                        <\/a>\n                    <\/div>\n                            <\/div>\n            <\/div>\n<\/div><\/div>","protected":false},"excerpt":{"rendered":"<p>R\u00f6ntgenzubeh\u00f6r f\u00fcr Industrieanwendungen in der Schweiz \u2013 Lagerung, Strahlenschutz &amp; Hilfsmittel Unser R\u00f6ntgenzubeh\u00f6r f\u00fcr Industrieanwendungen in der Schweiz umfasst eine grosse Auswahl an Zusatzartikeln und Hilfsmitteln, die den Arbeitsalltag in der zerst\u00f6rungsfreien Werkstoffpr\u00fcfung (NDT) effizienter und sicherer machen. Unser Sortiment beinhaltet: Alle Produkte sind auf Langlebigkeit, einfache Handhabung und optimale Funktionalit\u00e4t ausgelegt. Wir beraten Sie [&hellip;]<\/p>","protected":false},"author":1,"featured_media":0,"parent":55,"menu_order":0,"comment_status":"closed","ping_status":"closed","template":"","meta":{"footnotes":""},"acf":[],"_links":{"self":[{"href":"https:\/\/www.roentgen-service.ch\/fr\/wp-json\/wp\/v2\/pages\/1735"}],"collection":[{"href":"https:\/\/www.roentgen-service.ch\/fr\/wp-json\/wp\/v2\/pages"}],"about":[{"href":"https:\/\/www.roentgen-service.ch\/fr\/wp-json\/wp\/v2\/types\/page"}],"author":[{"embeddable":true,"href":"https:\/\/www.roentgen-service.ch\/fr\/wp-json\/wp\/v2\/users\/1"}],"replies":[{"embeddable":true,"href":"https:\/\/www.roentgen-service.ch\/fr\/wp-json\/wp\/v2\/comments?post=1735"}],"version-history":[{"count":6,"href":"https:\/\/www.roentgen-service.ch\/fr\/wp-json\/wp\/v2\/pages\/1735\/revisions"}],"predecessor-version":[{"id":2013,"href":"https:\/\/www.roentgen-service.ch\/fr\/wp-json\/wp\/v2\/pages\/1735\/revisions\/2013"}],"up":[{"embeddable":true,"href":"https:\/\/www.roentgen-service.ch\/fr\/wp-json\/wp\/v2\/pages\/55"}],"wp:attachment":[{"href":"https:\/\/www.roentgen-service.ch\/fr\/wp-json\/wp\/v2\/media?parent=1735"}],"curies":[{"name":"wp","href":"https:\/\/api.w.org\/{rel}","templated":true}]}}