{"id":885,"date":"2023-07-12T15:15:04","date_gmt":"2023-07-12T13:15:04","guid":{"rendered":"https:\/\/roentgen-service.dev.hayloft-it.ch\/?page_id=885"},"modified":"2025-11-17T11:19:15","modified_gmt":"2025-11-17T10:19:15","slug":"x-ray-accessories","status":"publish","type":"page","link":"https:\/\/www.roentgen-service.ch\/en\/human-medicine\/x-ray-accessories\/","title":{"rendered":"X-ray accessories"},"content":{"rendered":"<h1 class=\"wp-block-heading has-text-align-left\">X-ray accessories for human medicine in Switzerland - storage, radiation protection &amp; aids<\/h1>\n\n\n\n<p>Our X-ray accessories for human medicine in Switzerland include a wide range of accessories and aids that make everyday work in radiology practices and clinics more efficient and safer.<\/p>\n\n\n\n<p>Our range includes:<\/p>\n\n\n\n<ul>\n<li>Positioning aids such as sandbags, support pads and support mats for patient couches<\/li>\n\n\n\n<li>Compression straps for optimum fixation during recording<\/li>\n\n\n\n<li>Thickness gauges (calipers) for the precise determination of the pick-up settings<\/li>\n\n\n\n<li>Radiation protection articles for patients and staff<\/li>\n\n\n\n<li>Compensating filter to improve image quality<\/li>\n<\/ul>\n\n\n\n<p class=\"translation-block\">All products are designed for durability, easy handling and optimum functionality. We will advise you personally on your selection and, on request, create an individual, cost- and usage-optimized offer - tailored to the requirements of your facility.<br><br>Further details and price information can be found in our <a rel=\"noreferrer noopener\" href=\"https:\/\/www.roentgen-service.ch\/wp-content\/uploads\/2024\/08\/Preisliste-RS_08.2024.pdf\" target=\"_blank\">price list<\/a>.<\/p>\n\n\n\n<div style=\"height:0px\" aria-hidden=\"true\" class=\"wp-block-spacer\"><\/div>\n\n\n\n<div class=\"wp-block-group alignwide has-primary-light-background-color has-background is-layout-constrained wp-block-group-is-layout-constrained\"><div class=\"alignwide wp-block-roentgen-service-contact\">\n    <img loading=\"lazy\" width=\"300\" height=\"200\" src=\"https:\/\/www.roentgen-service.ch\/wp-content\/uploads\/2022\/12\/portrait_damian-widmer-scaled-300x200.jpg\" class=\"attachment-medium size-medium\" alt=\"\" decoding=\"async\" srcset=\"https:\/\/www.roentgen-service.ch\/wp-content\/uploads\/2022\/12\/portrait_damian-widmer-scaled-300x200.jpg 300w, https:\/\/www.roentgen-service.ch\/wp-content\/uploads\/2022\/12\/portrait_damian-widmer-scaled-1024x684.jpg 1024w, https:\/\/www.roentgen-service.ch\/wp-content\/uploads\/2022\/12\/portrait_damian-widmer-scaled-768x513.jpg 768w, https:\/\/www.roentgen-service.ch\/wp-content\/uploads\/2022\/12\/portrait_damian-widmer-scaled-1536x1025.jpg 1536w, https:\/\/www.roentgen-service.ch\/wp-content\/uploads\/2022\/12\/portrait_damian-widmer-scaled-2048x1367.jpg 2048w, https:\/\/www.roentgen-service.ch\/wp-content\/uploads\/2022\/12\/portrait_damian-widmer-scaled-900x601.jpg 900w, https:\/\/www.roentgen-service.ch\/wp-content\/uploads\/2022\/12\/portrait_damian-widmer-scaled-600x401.jpg 600w\" sizes=\"(max-width: 300px) 100vw, 300px\" \/>    <div class=\"contact\">\n        <h2 class=\"contact__title\">Do you have any questions?<\/h2>\n                    <p class=\"contact__text\">We will be happy to advise you personally on all matters. If you are interested in our products, we will be happy to prepare an individual, tailor-made, cost- and benefit-optimized offer for you.<\/p>\n                            <div class=\"wp-block-buttons contact__actions\">\n                                    <div class=\"wp-block-button contact__email\">\n                        <a href=\"mailto:kontakt@roentgen-service.ch\" class=\"wp-block-button__link has-background has-primary-background-color\">\n                            kontakt@roentgen-service.ch                        <\/a>\n                    <\/div>\n                                                    <div class=\"wp-block-button contact__phone\">\n                        <a href=\"tel:+41 41 260 02 66\" class=\"wp-block-button__link has-background has-primary-background-color\">\n                            +41 41 260 02 66                        <\/a>\n                    <\/div>\n                            <\/div>\n            <\/div>\n<\/div><\/div>","protected":false},"excerpt":{"rendered":"<p>R\u00f6ntgenzubeh\u00f6r f\u00fcr die Humanmedizin in der Schweiz \u2013 Lagerung, Strahlenschutz &amp; Hilfsmittel Unser R\u00f6ntgenzubeh\u00f6r f\u00fcr die Humanmedizin in der Schweiz umfasst eine breite Auswahl an Zusatzartikeln und Hilfsmitteln, die den Arbeitsalltag in radiologischen Praxen und Kliniken effizienter und sicherer machen. Unser Sortiment beinhaltet: Alle Produkte sind auf Langlebigkeit, einfache Handhabung und optimale Funktionalit\u00e4t ausgelegt. Wir [&hellip;]<\/p>","protected":false},"author":1,"featured_media":0,"parent":51,"menu_order":0,"comment_status":"closed","ping_status":"closed","template":"","meta":{"footnotes":""},"acf":[],"_links":{"self":[{"href":"https:\/\/www.roentgen-service.ch\/en\/wp-json\/wp\/v2\/pages\/885"}],"collection":[{"href":"https:\/\/www.roentgen-service.ch\/en\/wp-json\/wp\/v2\/pages"}],"about":[{"href":"https:\/\/www.roentgen-service.ch\/en\/wp-json\/wp\/v2\/types\/page"}],"author":[{"embeddable":true,"href":"https:\/\/www.roentgen-service.ch\/en\/wp-json\/wp\/v2\/users\/1"}],"replies":[{"embeddable":true,"href":"https:\/\/www.roentgen-service.ch\/en\/wp-json\/wp\/v2\/comments?post=885"}],"version-history":[{"count":25,"href":"https:\/\/www.roentgen-service.ch\/en\/wp-json\/wp\/v2\/pages\/885\/revisions"}],"predecessor-version":[{"id":2011,"href":"https:\/\/www.roentgen-service.ch\/en\/wp-json\/wp\/v2\/pages\/885\/revisions\/2011"}],"up":[{"embeddable":true,"href":"https:\/\/www.roentgen-service.ch\/en\/wp-json\/wp\/v2\/pages\/51"}],"wp:attachment":[{"href":"https:\/\/www.roentgen-service.ch\/en\/wp-json\/wp\/v2\/media?parent=885"}],"curies":[{"name":"wp","href":"https:\/\/api.w.org\/{rel}","templated":true}]}}