{"id":58,"date":"2022-09-26T09:46:58","date_gmt":"2022-09-26T07:46:58","guid":{"rendered":"https:\/\/roentgen-service.dev.hayloft-it.ch\/?page_id=58"},"modified":"2025-11-03T09:47:56","modified_gmt":"2025-11-03T08:47:56","slug":"service","status":"publish","type":"page","link":"https:\/\/www.roentgen-service.ch\/en\/service\/","title":{"rendered":"Service"},"content":{"rendered":"<h1 class=\"wp-block-heading has-text-align-left\">Service for your X-ray system<\/h1>\n\n\n\n<p class=\"has-text-align-left\">Even though the introduction of digital X-rays has simplified systems and massively reduced operating costs, modern systems cannot do without careful maintenance.<\/p>\n\n\n\n<p class=\"has-text-align-left\">Furthermore, there are different legal regulations for maintenance intervals and the scope of maintenance depending on the area of application. However, in order to maintain the performance, service life and image quality of the X-ray system at an optimum level, we recommend that all maintenance intervals listed in the following service schedule are adhered to, whereby the intervals apply to both the X-ray system and the image receiver system.<\/p>\n\n\n\n<p class=\"has-text-align-left\">We approach our customers in good time for the legally prescribed maintenance work. The recommended services can be individually included in the service plan by our customers as required.<\/p>\n\n\n\n<p class=\"has-text-align-left\">In the field of industrial applications, there are currently no statutory regulations regarding maintenance and maintenance intervals. Nevertheless, we recommend that you work out an individual service plan with us.<\/p>\n\n\n<div class=\"wp-block-roentgen-service-timeline\">\n    <div class=\"wp-block-buttons\">\n                    <div class=\"wp-block-button is-style-outline\" data-active=\"true\">\n                <a href=\"\/en\/wp-json\/wp\/v2\/pages\/58?area=human\" class=\"wp-block-button__link\">\n                    Human medicine                <\/a>\n            <\/div>\n                    <div class=\"wp-block-button is-style-outline\" data-active=\"false\">\n                <a href=\"\/en\/wp-json\/wp\/v2\/pages\/58?area=veterinary\" class=\"wp-block-button__link\">\n                    Veterinary medicine                <\/a>\n            <\/div>\n            <\/div>\n    <div class=\"timeline\">\n                    <div class=\"timeline__step\">\n                <div class=\"timeline__step-media\">\n                                            <i class=\"icon icon-check\"><\/i>\n                                    <\/div>\n                <div class=\"timeline__substeps\">\n                                            <div class=\"timeline__substep\" data-mandatory=\"true\">\n                                                            <h4 class=\"timeline__subtitle\"><p>During commissioning<\/p>\n<\/h4>\n                                                        <div class=\"timeline__title-wrapper\">\n                                <h3 class=\"timeline__title\"><p>Acceptance test<\/p>\n<\/h3>\n                                                            <\/div>\n                                                            <div class=\"timeline__description\"><p>We carry out an acceptance test immediately after installation. The system can then be used with the best possible quality.<\/p>\n<\/div>\n                                                    <\/div>\n                                    <\/div>\n            <\/div>\n                    <div class=\"timeline__step\">\n                <div class=\"timeline__step-media\">\n                                            <i class=\"icon icon-glasses\"><\/i>\n                                    <\/div>\n                <div class=\"timeline__substeps\">\n                                            <div class=\"timeline__substep\" data-mandatory=\"true\">\n                                                            <h4 class=\"timeline__subtitle\"><p><strong>One year<\/strong> after commissioning<\/p>\n<\/h4>\n                                                        <div class=\"timeline__title-wrapper\">\n                                <h3 class=\"timeline__title\"><p><strong>1.<\/strong> Constancy test<\/p>\n<\/h3>\n                                                            <\/div>\n                                                            <div class=\"timeline__description\"><p><span class=\"TextRun SCXW140200482 BCX0\" lang=\"DE-CH\" xml:lang=\"DE-CH\" data-contrast=\"none\"><span class=\"NormalTextRun SCXW140200482 BCX0\">We will automatically contact you for the annual constancy check prescribed by the FOPH.<\/span><\/span><\/p>\n<\/div>\n                                                    <\/div>\n                                            <div class=\"timeline__substep\" data-mandatory=\"true\">\n                                                            <h4 class=\"timeline__subtitle\"><p><strong>Two years<\/strong> after commissioning<\/p>\n<\/h4>\n                                                        <div class=\"timeline__title-wrapper\">\n                                <h3 class=\"timeline__title\"><p><strong>2.<\/strong> Constancy test<\/p>\n<\/h3>\n                                                            <\/div>\n                                                            <div class=\"timeline__description\"><p><span class=\"TextRun SCXW140200482 BCX0\" lang=\"DE-CH\" xml:lang=\"DE-CH\" data-contrast=\"none\"><span class=\"NormalTextRun SCXW140200482 BCX0\">We will automatically contact you for the annual constancy check prescribed by the FOPH.<\/span><\/span><\/p>\n<\/div>\n                                                    <\/div>\n                                            <div class=\"timeline__substep\" data-mandatory=\"true\">\n                                                            <h4 class=\"timeline__subtitle\"><p><strong>Three years<\/strong> after commissioning<\/p>\n<\/h4>\n                                                        <div class=\"timeline__title-wrapper\">\n                                <h3 class=\"timeline__title\"><p><strong>3.<\/strong> Constancy test<\/p>\n<\/h3>\n                                                            <\/div>\n                                                            <div class=\"timeline__description\"><p><span class=\"TextRun SCXW140200482 BCX0\" lang=\"DE-CH\" xml:lang=\"DE-CH\" data-contrast=\"none\"><span class=\"NormalTextRun SCXW140200482 BCX0\">We will automatically contact you for the annual constancy check prescribed by the FOPH.<\/span><\/span><\/p>\n<\/div>\n                                                    <\/div>\n                                            <div class=\"timeline__substep\" data-mandatory=\"false\">\n                                                            <h4 class=\"timeline__subtitle\"><p><strong>Three years<\/strong> after commissioning<\/p>\n<\/h4>\n                                                        <div class=\"timeline__title-wrapper\">\n                                <h3 class=\"timeline__title\"><p>Generator maintenance<\/p>\n<\/h3>\n                                                                    <span class=\"badge\">recommended<\/span>\n                                                            <\/div>\n                                                            <div class=\"timeline__description\"><\/div>\n                                                    <\/div>\n                                            <div class=\"timeline__substep\" data-mandatory=\"true\">\n                                                            <h4 class=\"timeline__subtitle\"><p><strong>Four years<\/strong> after commissioning<\/p>\n<\/h4>\n                                                        <div class=\"timeline__title-wrapper\">\n                                <h3 class=\"timeline__title\"><p><strong>4.<\/strong> Constancy test<\/p>\n<\/h3>\n                                                            <\/div>\n                                                            <div class=\"timeline__description\"><p><span class=\"TextRun SCXW140200482 BCX0\" lang=\"DE-CH\" xml:lang=\"DE-CH\" data-contrast=\"none\"><span class=\"NormalTextRun SCXW140200482 BCX0\">We will automatically contact you for the annual constancy check prescribed by the FOPH.<\/span><\/span><\/p>\n<\/div>\n                                                    <\/div>\n                                            <div class=\"timeline__substep\" data-mandatory=\"true\">\n                                                            <h4 class=\"timeline__subtitle\"><p><strong>Five years<\/strong> after commissioning<\/p>\n<\/h4>\n                                                        <div class=\"timeline__title-wrapper\">\n                                <h3 class=\"timeline__title\"><p><strong>5.<\/strong> Constancy test<\/p>\n<\/h3>\n                                                            <\/div>\n                                                            <div class=\"timeline__description\"><p><span class=\"TextRun SCXW140200482 BCX0\" lang=\"DE-CH\" xml:lang=\"DE-CH\" data-contrast=\"none\"><span class=\"NormalTextRun SCXW140200482 BCX0\">We will automatically contact you for the annual constancy check prescribed by the FOPH.<\/span><\/span><\/p>\n<\/div>\n                                                    <\/div>\n                                    <\/div>\n            <\/div>\n                    <div class=\"timeline__step\">\n                <div class=\"timeline__step-media\">\n                                            <i class=\"icon icon-gear\"><\/i>\n                                    <\/div>\n                <div class=\"timeline__substeps\">\n                                            <div class=\"timeline__substep\" data-mandatory=\"true\">\n                                                            <h4 class=\"timeline__subtitle\"><p><strong>Six years<\/strong> after commissioning<\/p>\n<\/h4>\n                                                        <div class=\"timeline__title-wrapper\">\n                                <h3 class=\"timeline__title\"><p><span class=\"TextRun SCXW63832090 BCX0\" lang=\"DE-CH\" xml:lang=\"DE-CH\" data-contrast=\"none\"><span class=\"NormalTextRun SCXW63832090 BCX0\">Maintenance with condition check<\/span><\/span><\/p>\n<\/h3>\n                                                            <\/div>\n                                                            <div class=\"timeline__description\"><p>After 6 years, we carry out maintenance with <span class=\"TextRun SCXW55715838 BCX0\" lang=\"DE-CH\" xml:lang=\"DE-CH\" data-contrast=\"auto\"><span class=\"NormalTextRun SCXW55715838 BCX0\">Condition check <\/span><\/span>through. This is prescribed by the BAG. Here, too, we will automatically contact you.<\/p>\n<\/div>\n                                                    <\/div>\n                                    <\/div>\n            <\/div>\n                    <div class=\"timeline__step\">\n                <div class=\"timeline__step-media\">\n                                            <i class=\"icon icon-repeat\"><\/i>\n                                    <\/div>\n                <div class=\"timeline__substeps\">\n                                            <div class=\"timeline__substep\" data-mandatory=\"true\">\n                                                            <h4 class=\"timeline__subtitle\"><\/h4>\n                                                        <div class=\"timeline__title-wrapper\">\n                                <h3 class=\"timeline__title\"><p>Cycle repeats itself<\/p>\n<\/h3>\n                                                            <\/div>\n                                                            <div class=\"timeline__description\"><p>After six years, the cycle starts again from the beginning and a constancy test takes place again after a further year.<\/p>\n<\/div>\n                                                    <\/div>\n                                    <\/div>\n            <\/div>\n            <\/div>\n<\/div>\n\n\n<div style=\"height:30px\" aria-hidden=\"true\" class=\"wp-block-spacer\"><\/div>\n\n\n<div class=\"alignwide has-background has-primary-light-background-color wp-block-roentgen-service-contact wp-elements-c8e2eaa9eab403dc8eb6194d3acf7423\">\n    <img loading=\"lazy\" width=\"300\" height=\"200\" src=\"https:\/\/www.roentgen-service.ch\/wp-content\/uploads\/2022\/12\/portrait_damian-widmer-scaled-300x200.jpg\" class=\"attachment-medium size-medium\" alt=\"\" decoding=\"async\" srcset=\"https:\/\/www.roentgen-service.ch\/wp-content\/uploads\/2022\/12\/portrait_damian-widmer-scaled-300x200.jpg 300w, https:\/\/www.roentgen-service.ch\/wp-content\/uploads\/2022\/12\/portrait_damian-widmer-scaled-1024x684.jpg 1024w, https:\/\/www.roentgen-service.ch\/wp-content\/uploads\/2022\/12\/portrait_damian-widmer-scaled-768x513.jpg 768w, https:\/\/www.roentgen-service.ch\/wp-content\/uploads\/2022\/12\/portrait_damian-widmer-scaled-1536x1025.jpg 1536w, https:\/\/www.roentgen-service.ch\/wp-content\/uploads\/2022\/12\/portrait_damian-widmer-scaled-2048x1367.jpg 2048w, https:\/\/www.roentgen-service.ch\/wp-content\/uploads\/2022\/12\/portrait_damian-widmer-scaled-900x601.jpg 900w, https:\/\/www.roentgen-service.ch\/wp-content\/uploads\/2022\/12\/portrait_damian-widmer-scaled-600x401.jpg 600w\" sizes=\"(max-width: 300px) 100vw, 300px\" \/>    <div class=\"contact\">\n        <h2 class=\"contact__title\">Do you have any questions?<\/h2>\n                    <p class=\"contact__text\">We will be happy to advise you personally on all matters. If you are interested in our products, we will be happy to prepare an individual, tailor-made, cost- and benefit-optimized offer for you.<\/p>\n                            <div class=\"wp-block-buttons contact__actions\">\n                                    <div class=\"wp-block-button contact__email\">\n                        <a href=\"mailto:kontakt@roentgen-service.ch\" class=\"wp-block-button__link has-background has-primary-background-color\">\n                            kontakt@roentgen-service.ch                        <\/a>\n                    <\/div>\n                                                    <div class=\"wp-block-button contact__phone\">\n                        <a href=\"tel:+41 41 260 02 66\" class=\"wp-block-button__link has-background has-primary-background-color\">\n                            +41 41 260 02 66                        <\/a>\n                    <\/div>\n                            <\/div>\n            <\/div>\n<\/div>","protected":false},"excerpt":{"rendered":"<p>Service f\u00fcr Ihr R\u00f6ntgensystem Auch wenn durch die Einf\u00fchrung des digitalen R\u00f6ntgens die Systeme vereinfacht wurden und die Betriebskosten entsprechend massiv gesenkt werden konnten, kommen moderne Anlagen nicht ohne sorgf\u00e4ltig ausgef\u00fchrte Wartungen aus. Des Weiteren gibt es je nach Anwendungsbereich unterschiedliche gesetzliche Vorschriften f\u00fcr die Wartungsintervalle und den Umfang der Wartung. Um die Leistung, Lebensdauer [&hellip;]<\/p>","protected":false},"author":1,"featured_media":0,"parent":0,"menu_order":0,"comment_status":"closed","ping_status":"closed","template":"","meta":{"footnotes":""},"acf":[],"_links":{"self":[{"href":"https:\/\/www.roentgen-service.ch\/en\/wp-json\/wp\/v2\/pages\/58"}],"collection":[{"href":"https:\/\/www.roentgen-service.ch\/en\/wp-json\/wp\/v2\/pages"}],"about":[{"href":"https:\/\/www.roentgen-service.ch\/en\/wp-json\/wp\/v2\/types\/page"}],"author":[{"embeddable":true,"href":"https:\/\/www.roentgen-service.ch\/en\/wp-json\/wp\/v2\/users\/1"}],"replies":[{"embeddable":true,"href":"https:\/\/www.roentgen-service.ch\/en\/wp-json\/wp\/v2\/comments?post=58"}],"version-history":[{"count":52,"href":"https:\/\/www.roentgen-service.ch\/en\/wp-json\/wp\/v2\/pages\/58\/revisions"}],"predecessor-version":[{"id":2007,"href":"https:\/\/www.roentgen-service.ch\/en\/wp-json\/wp\/v2\/pages\/58\/revisions\/2007"}],"wp:attachment":[{"href":"https:\/\/www.roentgen-service.ch\/en\/wp-json\/wp\/v2\/media?parent=58"}],"curies":[{"name":"wp","href":"https:\/\/api.w.org\/{rel}","templated":true}]}}