{"id":53,"date":"2022-09-26T09:46:30","date_gmt":"2022-09-26T07:46:30","guid":{"rendered":"https:\/\/roentgen-service.dev.hayloft-it.ch\/?page_id=53"},"modified":"2026-03-25T09:38:50","modified_gmt":"2026-03-25T08:38:50","slug":"veterinary-medicine","status":"publish","type":"page","link":"https:\/\/www.roentgen-service.ch\/en\/veterinary-medicine\/","title":{"rendered":"Digital X-ray for veterinary medicine"},"content":{"rendered":"<h1 class=\"wp-block-heading has-text-align-left\">Digital X-ray for veterinary medicine in Switzerland - Stationary, portable \/ mobile &amp; dental X-ray systems<\/h1>\n\n\n\n<p class=\"has-text-align-left\">For us, digital X-ray for veterinary medicine in Switzerland means: the highest image quality, reduced radiation dose and efficient workflows - individually adapted to the requirements of veterinary practices, clinics and mobile veterinary services. Our product portfolio includes stationary and portable (mobile) digital X-ray systems, modern dental X-ray systems, solutions for digitizing existing systems and innovative digital image receiver systems.<br><br>We also offer individually configurable ultrasound systems, intuitive acquisition software and modular PACS software packages for optimal image management. Thanks to our many years of experience, we can also implement special customization requests and always find the best cost-benefit ratio - including carefully tested used systems on request. This gives you a tailor-made solution that combines medical precision with economic efficiency.<\/p>\n\n\n\n<div class=\"wp-block-group alignwide teasers is-content-justification-left is-nowrap is-layout-flex wp-container-1 wp-block-group-is-layout-flex\"><a class=\"hentry wp-block-roentgen-service-teaser\" href=\"https:\/\/www.roentgen-service.ch\/en\/products\/veterinary-medicine\/stationary-roentgen-systems-stands-v\/\">\n    <div class=\"teaser__thumbnail-wrapper\">\n        <img loading=\"lazy\" width=\"769\" height=\"500\" src=\"https:\/\/www.roentgen-service.ch\/wp-content\/uploads\/2025\/01\/Amadeo-V-nano-II-digitales-X-ray-Roentgen-Komplettsystem-Vet-1.jpg\" class=\"attachment-teaser size-teaser\" alt=\"\" decoding=\"async\" srcset=\"https:\/\/www.roentgen-service.ch\/wp-content\/uploads\/2025\/01\/Amadeo-V-nano-II-digitales-X-ray-Roentgen-Komplettsystem-Vet-1.jpg 1000w, https:\/\/www.roentgen-service.ch\/wp-content\/uploads\/2025\/01\/Amadeo-V-nano-II-digitales-X-ray-Roentgen-Komplettsystem-Vet-1-300x195.jpg 300w, https:\/\/www.roentgen-service.ch\/wp-content\/uploads\/2025\/01\/Amadeo-V-nano-II-digitales-X-ray-Roentgen-Komplettsystem-Vet-1-768x499.jpg 768w, https:\/\/www.roentgen-service.ch\/wp-content\/uploads\/2025\/01\/Amadeo-V-nano-II-digitales-X-ray-Roentgen-Komplettsystem-Vet-1-900x585.jpg 900w, https:\/\/www.roentgen-service.ch\/wp-content\/uploads\/2025\/01\/Amadeo-V-nano-II-digitales-X-ray-Roentgen-Komplettsystem-Vet-1-600x390.jpg 600w\" sizes=\"(max-width: 769px) 100vw, 769px\" \/>            <\/div>\n    <div class=\"teaser__title-wrapper\">\n        <h3 class=\"teaser__title\">Stationary X-ray systems<\/h3>\n                    <p class=\"teaser__text\">Fully integrated, complete digital X-ray systems with compatibility with standard socket connections.<\/p>\n            <\/div>\n    <div class=\"wp-block-buttons teaser__actions\">\n        <div class=\"wp-block-button is-style-small teaser__read-more\">\n            <span class=\"wp-block-button__link\">\n                To the offer            <\/span>\n        <\/div>\n    <\/div>\n<\/a>\n\n<a class=\"hentry wp-block-roentgen-service-teaser\" href=\"https:\/\/www.roentgen-service.ch\/en\/products\/veterinary-medicine\/portable-roentgen-systems-v\/\">\n    <div class=\"teaser__thumbnail-wrapper\">\n        <img loading=\"lazy\" width=\"769\" height=\"500\" src=\"https:\/\/www.roentgen-service.ch\/wp-content\/uploads\/2025\/01\/Leonardo-DR-nano-Rucksack-fr-Roentgenuntersuchungen-vet-1.jpg\" class=\"attachment-teaser size-teaser\" alt=\"\" decoding=\"async\" srcset=\"https:\/\/www.roentgen-service.ch\/wp-content\/uploads\/2025\/01\/Leonardo-DR-nano-Rucksack-fr-Roentgenuntersuchungen-vet-1.jpg 1000w, https:\/\/www.roentgen-service.ch\/wp-content\/uploads\/2025\/01\/Leonardo-DR-nano-Rucksack-fr-Roentgenuntersuchungen-vet-1-300x195.jpg 300w, https:\/\/www.roentgen-service.ch\/wp-content\/uploads\/2025\/01\/Leonardo-DR-nano-Rucksack-fr-Roentgenuntersuchungen-vet-1-768x499.jpg 768w, https:\/\/www.roentgen-service.ch\/wp-content\/uploads\/2025\/01\/Leonardo-DR-nano-Rucksack-fr-Roentgenuntersuchungen-vet-1-900x585.jpg 900w, https:\/\/www.roentgen-service.ch\/wp-content\/uploads\/2025\/01\/Leonardo-DR-nano-Rucksack-fr-Roentgenuntersuchungen-vet-1-600x390.jpg 600w\" sizes=\"(max-width: 769px) 100vw, 769px\" \/>            <\/div>\n    <div class=\"teaser__title-wrapper\">\n        <h3 class=\"teaser__title\">Portable X-ray systems<\/h3>\n                    <p class=\"teaser__text\">Lightweight, portable, digital X-ray systems in various formats.<\/p>\n            <\/div>\n    <div class=\"wp-block-buttons teaser__actions\">\n        <div class=\"wp-block-button is-style-small teaser__read-more\">\n            <span class=\"wp-block-button__link\">\n                To the offer            <\/span>\n        <\/div>\n    <\/div>\n<\/a>\n\n<a class=\"hentry wp-block-roentgen-service-teaser\" href=\"https:\/\/www.roentgen-service.ch\/en\/products\/veterinary-medicine\/dental-roentgen\/\">\n    <div class=\"teaser__thumbnail-wrapper\">\n        <img loading=\"lazy\" width=\"768\" height=\"500\" src=\"https:\/\/www.roentgen-service.ch\/wp-content\/uploads\/2025\/01\/Pluto-cmos-dental-detector-for-veterinary-medicine.jpg\" class=\"attachment-teaser size-teaser\" alt=\"\" decoding=\"async\" srcset=\"https:\/\/www.roentgen-service.ch\/wp-content\/uploads\/2025\/01\/Pluto-cmos-dental-detector-for-veterinary-medicine.jpg 768w, https:\/\/www.roentgen-service.ch\/wp-content\/uploads\/2025\/01\/Pluto-cmos-dental-detector-for-veterinary-medicine-300x195.jpg 300w, https:\/\/www.roentgen-service.ch\/wp-content\/uploads\/2025\/01\/Pluto-cmos-dental-detector-for-veterinary-medicine-600x391.jpg 600w\" sizes=\"(max-width: 768px) 100vw, 768px\" \/>            <\/div>\n    <div class=\"teaser__title-wrapper\">\n        <h3 class=\"teaser__title\">Dental X-ray systems<\/h3>\n                    <p class=\"teaser__text\">Digital dental X-ray systems based on DR and CR (image plate) technology.<\/p>\n            <\/div>\n    <div class=\"wp-block-buttons teaser__actions\">\n        <div class=\"wp-block-button is-style-small teaser__read-more\">\n            <span class=\"wp-block-button__link\">\n                To the offer            <\/span>\n        <\/div>\n    <\/div>\n<\/a>\n\n<a class=\"hentry wp-block-roentgen-service-teaser\" href=\"https:\/\/www.roentgen-service.ch\/en\/products\/veterinary-medicine\/digital-roentgen-retrofit-veterinary\/\">\n    <div class=\"teaser__thumbnail-wrapper\">\n        <img loading=\"lazy\" width=\"350\" height=\"500\" src=\"https:\/\/www.roentgen-service.ch\/wp-content\/uploads\/2025\/01\/Divario-CR-T2-digitales-Roentgen-mit-Kassetten-vet1.jpg\" class=\"attachment-teaser size-teaser\" alt=\"\" decoding=\"async\" srcset=\"https:\/\/www.roentgen-service.ch\/wp-content\/uploads\/2025\/01\/Divario-CR-T2-digitales-Roentgen-mit-Kassetten-vet1.jpg 455w, https:\/\/www.roentgen-service.ch\/wp-content\/uploads\/2025\/01\/Divario-CR-T2-digitales-Roentgen-mit-Kassetten-vet1-300x429.jpg 300w\" sizes=\"(max-width: 350px) 100vw, 350px\" \/>            <\/div>\n    <div class=\"teaser__title-wrapper\">\n        <h3 class=\"teaser__title\">X-ray solutions &amp; digitization<\/h3>\n                    <p class=\"teaser__text\">Universally applicable digital image receiver systems and digitization solutions for retrofitting existing systems.<\/p>\n            <\/div>\n    <div class=\"wp-block-buttons teaser__actions\">\n        <div class=\"wp-block-button is-style-small teaser__read-more\">\n            <span class=\"wp-block-button__link\">\n                To the offer            <\/span>\n        <\/div>\n    <\/div>\n<\/a>\n\n<a class=\"hentry wp-block-roentgen-service-teaser\" href=\"https:\/\/www.roentgen-service.ch\/en\/products\/veterinary-medicine\/ultrasonic-systems\/\">\n    <div class=\"teaser__thumbnail-wrapper\">\n        <img loading=\"lazy\" width=\"769\" height=\"500\" src=\"https:\/\/www.roentgen-service.ch\/wp-content\/uploads\/2025\/01\/or-sono-portable-v3-tragbares-ultraschall-system-001.jpg\" class=\"attachment-teaser size-teaser\" alt=\"\" decoding=\"async\" srcset=\"https:\/\/www.roentgen-service.ch\/wp-content\/uploads\/2025\/01\/or-sono-portable-v3-tragbares-ultraschall-system-001.jpg 1000w, https:\/\/www.roentgen-service.ch\/wp-content\/uploads\/2025\/01\/or-sono-portable-v3-tragbares-ultraschall-system-001-300x195.jpg 300w, https:\/\/www.roentgen-service.ch\/wp-content\/uploads\/2025\/01\/or-sono-portable-v3-tragbares-ultraschall-system-001-768x499.jpg 768w, https:\/\/www.roentgen-service.ch\/wp-content\/uploads\/2025\/01\/or-sono-portable-v3-tragbares-ultraschall-system-001-900x585.jpg 900w, https:\/\/www.roentgen-service.ch\/wp-content\/uploads\/2025\/01\/or-sono-portable-v3-tragbares-ultraschall-system-001-600x390.jpg 600w\" sizes=\"(max-width: 769px) 100vw, 769px\" \/>            <\/div>\n    <div class=\"teaser__title-wrapper\">\n        <h3 class=\"teaser__title\">Ultrasound systems<\/h3>\n                    <p class=\"teaser__text\">Stationary and portable, individually configurable ultrasound systems.<\/p>\n            <\/div>\n    <div class=\"wp-block-buttons teaser__actions\">\n        <div class=\"wp-block-button is-style-small teaser__read-more\">\n            <span class=\"wp-block-button__link\">\n                To the offer            <\/span>\n        <\/div>\n    <\/div>\n<\/a>\n\n<a class=\"hentry wp-block-roentgen-service-teaser\" href=\"https:\/\/www.roentgen-service.ch\/en\/products\/veterinary-medicine\/software-veterinarian\/pacs-image-management-veterinary-medicine\/\">\n    <div class=\"teaser__thumbnail-wrapper\">\n        <img loading=\"lazy\" width=\"769\" height=\"500\" src=\"https:\/\/www.roentgen-service.ch\/wp-content\/uploads\/2025\/01\/Bildmanagementsystems-dicomPACS-vet-1.jpg\" class=\"attachment-teaser size-teaser\" alt=\"\" decoding=\"async\" srcset=\"https:\/\/www.roentgen-service.ch\/wp-content\/uploads\/2025\/01\/Bildmanagementsystems-dicomPACS-vet-1.jpg 1000w, https:\/\/www.roentgen-service.ch\/wp-content\/uploads\/2025\/01\/Bildmanagementsystems-dicomPACS-vet-1-300x195.jpg 300w, https:\/\/www.roentgen-service.ch\/wp-content\/uploads\/2025\/01\/Bildmanagementsystems-dicomPACS-vet-1-768x499.jpg 768w, https:\/\/www.roentgen-service.ch\/wp-content\/uploads\/2025\/01\/Bildmanagementsystems-dicomPACS-vet-1-900x585.jpg 900w, https:\/\/www.roentgen-service.ch\/wp-content\/uploads\/2025\/01\/Bildmanagementsystems-dicomPACS-vet-1-600x390.jpg 600w\" sizes=\"(max-width: 769px) 100vw, 769px\" \/>            <\/div>\n    <div class=\"teaser__title-wrapper\">\n        <h3 class=\"teaser__title\">PACS \/ image management<\/h3>\n                    <p class=\"teaser__text\">Basic and application-specific PACS software modules for digital image management.<\/p>\n            <\/div>\n    <div class=\"wp-block-buttons teaser__actions\">\n        <div class=\"wp-block-button is-style-small teaser__read-more\">\n            <span class=\"wp-block-button__link\">\n                To the offer            <\/span>\n        <\/div>\n    <\/div>\n<\/a>\n\n<a class=\"hentry wp-block-roentgen-service-teaser\" href=\"https:\/\/www.roentgen-service.ch\/en\/products\/veterinary-medicine\/software-veterinarian\/acquisition-software-veterinary-medicine\/\">\n    <div class=\"teaser__thumbnail-wrapper\">\n        <img loading=\"lazy\" width=\"769\" height=\"500\" src=\"https:\/\/www.roentgen-service.ch\/wp-content\/uploads\/2025\/01\/Akquisitions-Befundsoftware-Roentgenbilder-vet1.jpg\" class=\"attachment-teaser size-teaser\" alt=\"\" decoding=\"async\" srcset=\"https:\/\/www.roentgen-service.ch\/wp-content\/uploads\/2025\/01\/Akquisitions-Befundsoftware-Roentgenbilder-vet1.jpg 1000w, https:\/\/www.roentgen-service.ch\/wp-content\/uploads\/2025\/01\/Akquisitions-Befundsoftware-Roentgenbilder-vet1-300x195.jpg 300w, https:\/\/www.roentgen-service.ch\/wp-content\/uploads\/2025\/01\/Akquisitions-Befundsoftware-Roentgenbilder-vet1-768x499.jpg 768w, https:\/\/www.roentgen-service.ch\/wp-content\/uploads\/2025\/01\/Akquisitions-Befundsoftware-Roentgenbilder-vet1-900x585.jpg 900w, https:\/\/www.roentgen-service.ch\/wp-content\/uploads\/2025\/01\/Akquisitions-Befundsoftware-Roentgenbilder-vet1-600x390.jpg 600w\" sizes=\"(max-width: 769px) 100vw, 769px\" \/>            <\/div>\n    <div class=\"teaser__title-wrapper\">\n        <h3 class=\"teaser__title\">Acquisition software<\/h3>\n                    <p class=\"teaser__text\">Simple and intuitive acquisition software for integrating the complete digital X-ray system.<\/p>\n            <\/div>\n    <div class=\"wp-block-buttons teaser__actions\">\n        <div class=\"wp-block-button is-style-small teaser__read-more\">\n            <span class=\"wp-block-button__link\">\n                To the offer            <\/span>\n        <\/div>\n    <\/div>\n<\/a>\n\n<a class=\"hentry wp-block-roentgen-service-teaser\" href=\"https:\/\/www.roentgen-service.ch\/en\/veterinary-medicine\/x-ray-accessories\/\">\n    <div class=\"teaser__thumbnail-wrapper\">\n        <img loading=\"lazy\" width=\"750\" height=\"500\" src=\"https:\/\/www.roentgen-service.ch\/wp-content\/uploads\/2024\/09\/iStock-2138411222-scaled.jpg\" class=\"attachment-teaser size-teaser\" alt=\"\" decoding=\"async\" srcset=\"https:\/\/www.roentgen-service.ch\/wp-content\/uploads\/2024\/09\/iStock-2138411222-scaled.jpg 2560w, https:\/\/www.roentgen-service.ch\/wp-content\/uploads\/2024\/09\/iStock-2138411222-300x200.jpg 300w, https:\/\/www.roentgen-service.ch\/wp-content\/uploads\/2024\/09\/iStock-2138411222-1024x683.jpg 1024w, https:\/\/www.roentgen-service.ch\/wp-content\/uploads\/2024\/09\/iStock-2138411222-768x512.jpg 768w, https:\/\/www.roentgen-service.ch\/wp-content\/uploads\/2024\/09\/iStock-2138411222-1536x1024.jpg 1536w, https:\/\/www.roentgen-service.ch\/wp-content\/uploads\/2024\/09\/iStock-2138411222-2048x1365.jpg 2048w, https:\/\/www.roentgen-service.ch\/wp-content\/uploads\/2024\/09\/iStock-2138411222-900x600.jpg 900w, https:\/\/www.roentgen-service.ch\/wp-content\/uploads\/2024\/09\/iStock-2138411222-600x400.jpg 600w\" sizes=\"(max-width: 750px) 100vw, 750px\" \/>            <\/div>\n    <div class=\"teaser__title-wrapper\">\n        <h3 class=\"teaser__title\">X-ray accessories<\/h3>\n                    <p class=\"teaser__text\">Our range of X-ray accessories includes various accessories and aids.<\/p>\n            <\/div>\n    <div class=\"wp-block-buttons teaser__actions\">\n        <div class=\"wp-block-button is-style-small teaser__read-more\">\n            <span class=\"wp-block-button__link\">\n                To the offer            <\/span>\n        <\/div>\n    <\/div>\n<\/a>\n\n<a class=\"hentry has-badge wp-block-roentgen-service-teaser\" href=\"https:\/\/www.roentgen-service.ch\/en\/contact\/\">\n    <div class=\"teaser__thumbnail-wrapper\">\n        <img loading=\"lazy\" width=\"350\" height=\"500\" src=\"https:\/\/www.roentgen-service.ch\/wp-content\/uploads\/2022\/11\/NDT-Non-Destructive-Testing-2b-1.jpg\" class=\"attachment-teaser size-teaser\" alt=\"Digital X-ray for human medicine\" decoding=\"async\" srcset=\"https:\/\/www.roentgen-service.ch\/wp-content\/uploads\/2022\/11\/NDT-Non-Destructive-Testing-2b-1.jpg 455w, https:\/\/www.roentgen-service.ch\/wp-content\/uploads\/2022\/11\/NDT-Non-Destructive-Testing-2b-1-300x429.jpg 300w\" sizes=\"(max-width: 350px) 100vw, 350px\" \/>                    <span class=\"badge\">Used<\/span>\n            <\/div>\n    <div class=\"teaser__title-wrapper\">\n        <h3 class=\"teaser__title\">Second-hand systems<\/h3>\n                    <p class=\"teaser__text\">Contact us at any time if you are interested in a used X-ray system.<\/p>\n            <\/div>\n    <div class=\"wp-block-buttons teaser__actions\">\n        <div class=\"wp-block-button is-style-small teaser__read-more\">\n            <span class=\"wp-block-button__link\">\n                Contact us            <\/span>\n        <\/div>\n    <\/div>\n<\/a><\/div>\n\n\n\n<div class=\"wp-block-group alignwide has-primary-light-background-color has-background is-layout-flow wp-block-group-is-layout-flow\">\n<div class=\"wp-block-group is-content-justification-space-between is-layout-flex wp-container-3 wp-block-group-is-layout-flex\">\n<h2 class=\"wp-block-heading\">Checklist when purchasing an X-ray system<\/h2>\n\n\n\n<div class=\"wp-block-buttons is-layout-flex wp-block-buttons-is-layout-flex\">\n<div class=\"wp-block-button is-style-small\"><a class=\"wp-block-button__link wp-element-button\" href=\"https:\/\/www.roentgen-service.ch\/en\/support\/#fragen\">To the frequently asked questions &amp; tips<\/a><\/div>\n<\/div>\n<\/div>\n\n\n\n<div class=\"wp-block-group tiles-with-icon is-content-justification-space-between is-nowrap is-layout-flex wp-container-12 wp-block-group-is-layout-flex\">\n<div class=\"wp-block-group is-layout-constrained wp-block-group-is-layout-constrained\"><div class=\"wp-block-roentgen-service-icon\">\n    <i class=\"icon icon-people-robbery\"><\/i>\n<\/div>\n\n\n<div class=\"wp-block-group is-layout-constrained wp-block-group-is-layout-constrained\">\n<p><strong>Ask colleagues<\/strong><\/p>\n\n\n\n<p>Personal recommendations often help in choosing the right provider.<\/p>\n<\/div>\n<\/div>\n\n\n\n<div class=\"wp-block-group is-layout-constrained wp-block-group-is-layout-constrained\"><div class=\"wp-block-roentgen-service-icon\">\n    <i class=\"icon icon-glasses\"><\/i>\n<\/div>\n\n\n<div class=\"wp-block-group is-layout-constrained wp-block-group-is-layout-constrained\">\n<p><strong>Do your research<\/strong><\/p>\n\n\n\n<p>Get your own impression of the recommended providers.<\/p>\n<\/div>\n<\/div>\n\n\n\n<div class=\"wp-block-group is-layout-constrained wp-block-group-is-layout-constrained\"><div class=\"wp-block-roentgen-service-icon\">\n    <i class=\"icon icon-comments-question-check\"><\/i>\n<\/div>\n\n\n<div class=\"wp-block-group is-layout-constrained wp-block-group-is-layout-constrained\">\n<p><strong>Let us advise you<\/strong><\/p>\n\n\n\n<p>Personal advice is essential in order to find a suitable product.<\/p>\n<\/div>\n<\/div>\n\n\n\n<div class=\"wp-block-group is-layout-constrained wp-block-group-is-layout-constrained\"><div class=\"wp-block-roentgen-service-icon\">\n    <i class=\"icon icon-phone-volume-thin\"><\/i>\n<\/div>\n\n\n<div class=\"wp-block-group is-layout-constrained wp-block-group-is-layout-constrained\">\n<p><strong>Ask about support<\/strong><\/p>\n\n\n\n<p>Problems must be solved quickly. You should therefore enquire about the support offer in advance.<\/p>\n<\/div>\n<\/div>\n<\/div>\n<\/div>","protected":false},"excerpt":{"rendered":"<p>Digitales R\u00f6ntgen f\u00fcr die Veterin\u00e4rmedizin in der Schweiz \u2013 Station\u00e4re, Portable \/ Mobile &amp; Zahnr\u00f6ntgensysteme Digitales R\u00f6ntgen f\u00fcr die Veterin\u00e4rmedizin in der Schweiz bedeutet f\u00fcr uns: H\u00f6chste Bildqualit\u00e4t, reduzierte Strahlendosis und effiziente Arbeitsabl\u00e4ufe \u2013 individuell angepasst an die Anforderungen von Tierarztpraxen, Kliniken und mobilen Veterin\u00e4rdiensten. Unser Produktportfolio umfasst station\u00e4re sowie portable (mobile) digitale R\u00f6ntgensysteme, moderne [&hellip;]<\/p>","protected":false},"author":1,"featured_media":0,"parent":0,"menu_order":0,"comment_status":"closed","ping_status":"closed","template":"","meta":{"footnotes":""},"acf":[],"_links":{"self":[{"href":"https:\/\/www.roentgen-service.ch\/en\/wp-json\/wp\/v2\/pages\/53"}],"collection":[{"href":"https:\/\/www.roentgen-service.ch\/en\/wp-json\/wp\/v2\/pages"}],"about":[{"href":"https:\/\/www.roentgen-service.ch\/en\/wp-json\/wp\/v2\/types\/page"}],"author":[{"embeddable":true,"href":"https:\/\/www.roentgen-service.ch\/en\/wp-json\/wp\/v2\/users\/1"}],"replies":[{"embeddable":true,"href":"https:\/\/www.roentgen-service.ch\/en\/wp-json\/wp\/v2\/comments?post=53"}],"version-history":[{"count":53,"href":"https:\/\/www.roentgen-service.ch\/en\/wp-json\/wp\/v2\/pages\/53\/revisions"}],"predecessor-version":[{"id":2060,"href":"https:\/\/www.roentgen-service.ch\/en\/wp-json\/wp\/v2\/pages\/53\/revisions\/2060"}],"wp:attachment":[{"href":"https:\/\/www.roentgen-service.ch\/en\/wp-json\/wp\/v2\/media?parent=53"}],"curies":[{"name":"wp","href":"https:\/\/api.w.org\/{rel}","templated":true}]}}