{"id":51,"date":"2022-09-26T09:46:20","date_gmt":"2022-09-26T07:46:20","guid":{"rendered":"https:\/\/roentgen-service.dev.hayloft-it.ch\/?page_id=51"},"modified":"2026-03-25T09:39:33","modified_gmt":"2026-03-25T08:39:33","slug":"human-medicine","status":"publish","type":"page","link":"https:\/\/www.roentgen-service.ch\/en\/human-medicine\/","title":{"rendered":"Digital X-ray for human medicine"},"content":{"rendered":"<h1 class=\"wp-block-heading has-text-align-left\">Digital X-ray for human medicine in Switzerland - Stationary systems, PACS &amp; retrofit solutions<\/h1>\n\n\n\n<p class=\"has-text-align-left\">For us, digital X-ray for human medicine in Switzerland stands for the highest image quality, reduced radiation dose and efficient workflows. Our product portfolio primarily comprises stationary digital X-ray systems, solutions for digitizing existing X-ray systems and state-of-the-art digital image receiver systems.<br><br>For all systems, we offer intuitive acquisition software and modular, expandable PACS software packages tailored to the respective area of application for optimum image management. Thanks to our high degree of customization, we can adapt systems precisely to your requirements - from medical practices and clinics to specialist radiology centers.<br><br>With our many years of experience, we develop solutions with an optimum cost-benefit ratio. On request, we also offer carefully tested used systems that meet our high quality standards. In this way, we combine medical precision with economic efficiency and create solutions that are perfectly tailored to your needs.<\/p>\n\n\n\n<div class=\"wp-block-group alignwide teasers is-nowrap is-layout-flex wp-container-1 wp-block-group-is-layout-flex\"><a class=\"hentry wp-block-roentgen-service-teaser\" href=\"https:\/\/www.roentgen-service.ch\/en\/products\/human-medicine\/stationary-roentgen-systems\/\">\n    <div class=\"teaser__thumbnail-wrapper\">\n        <img loading=\"lazy\" width=\"769\" height=\"500\" src=\"https:\/\/www.roentgen-service.ch\/wp-content\/uploads\/2023\/06\/Amadeo-R-motorised-X-ray-system-bucky-table-wall-stand-2.jpg\" class=\"attachment-teaser size-teaser\" alt=\"\" decoding=\"async\" srcset=\"https:\/\/www.roentgen-service.ch\/wp-content\/uploads\/2023\/06\/Amadeo-R-motorised-X-ray-system-bucky-table-wall-stand-2.jpg 1000w, https:\/\/www.roentgen-service.ch\/wp-content\/uploads\/2023\/06\/Amadeo-R-motorised-X-ray-system-bucky-table-wall-stand-2-300x195.jpg 300w, https:\/\/www.roentgen-service.ch\/wp-content\/uploads\/2023\/06\/Amadeo-R-motorised-X-ray-system-bucky-table-wall-stand-2-768x499.jpg 768w, https:\/\/www.roentgen-service.ch\/wp-content\/uploads\/2023\/06\/Amadeo-R-motorised-X-ray-system-bucky-table-wall-stand-2-900x585.jpg 900w, https:\/\/www.roentgen-service.ch\/wp-content\/uploads\/2023\/06\/Amadeo-R-motorised-X-ray-system-bucky-table-wall-stand-2-600x390.jpg 600w\" sizes=\"(max-width: 769px) 100vw, 769px\" \/>            <\/div>\n    <div class=\"teaser__title-wrapper\">\n        <h3 class=\"teaser__title\">Stationary X-ray systems<\/h3>\n                    <p class=\"teaser__text\">Universal, motorized, digital X-ray systems with swivel bracket stand or grid wall stand with bucky table.<\/p>\n            <\/div>\n    <div class=\"wp-block-buttons teaser__actions\">\n        <div class=\"wp-block-button is-style-small teaser__read-more\">\n            <span class=\"wp-block-button__link\">\n                To the offer            <\/span>\n        <\/div>\n    <\/div>\n<\/a>\n\n<a class=\"hentry wp-block-roentgen-service-teaser\" href=\"https:\/\/www.roentgen-service.ch\/en\/products\/human-medicine\/digital-roentgen-retrofitting\/\">\n    <div class=\"teaser__thumbnail-wrapper\">\n        <img loading=\"lazy\" width=\"750\" height=\"500\" src=\"https:\/\/www.roentgen-service.ch\/wp-content\/uploads\/2023\/06\/Medici-stationaer-Aufruestung-vorhandener-stationaerer-Roentgenanlagen-5.jpg\" class=\"attachment-teaser size-teaser\" alt=\"\" decoding=\"async\" srcset=\"https:\/\/www.roentgen-service.ch\/wp-content\/uploads\/2023\/06\/Medici-stationaer-Aufruestung-vorhandener-stationaerer-Roentgenanlagen-5.jpg 1000w, https:\/\/www.roentgen-service.ch\/wp-content\/uploads\/2023\/06\/Medici-stationaer-Aufruestung-vorhandener-stationaerer-Roentgenanlagen-5-300x200.jpg 300w, https:\/\/www.roentgen-service.ch\/wp-content\/uploads\/2023\/06\/Medici-stationaer-Aufruestung-vorhandener-stationaerer-Roentgenanlagen-5-768x512.jpg 768w, https:\/\/www.roentgen-service.ch\/wp-content\/uploads\/2023\/06\/Medici-stationaer-Aufruestung-vorhandener-stationaerer-Roentgenanlagen-5-900x600.jpg 900w, https:\/\/www.roentgen-service.ch\/wp-content\/uploads\/2023\/06\/Medici-stationaer-Aufruestung-vorhandener-stationaerer-Roentgenanlagen-5-600x400.jpg 600w\" sizes=\"(max-width: 750px) 100vw, 750px\" \/>            <\/div>\n    <div class=\"teaser__title-wrapper\">\n        <h3 class=\"teaser__title\">X-ray solutions &amp; digitization<\/h3>\n                    <p class=\"teaser__text\">Universally applicable digital image receiver systems and digitization solutions for retrofitting existing systems.<\/p>\n            <\/div>\n    <div class=\"wp-block-buttons teaser__actions\">\n        <div class=\"wp-block-button is-style-small teaser__read-more\">\n            <span class=\"wp-block-button__link\">\n                To the offer            <\/span>\n        <\/div>\n    <\/div>\n<\/a>\n\n<a class=\"hentry wp-block-roentgen-service-teaser\" href=\"https:\/\/www.roentgen-service.ch\/en\/products\/human-medicine\/software\/acquisition-software\/\">\n    <div class=\"teaser__thumbnail-wrapper\">\n        <img loading=\"lazy\" width=\"769\" height=\"500\" src=\"https:\/\/www.roentgen-service.ch\/wp-content\/uploads\/2023\/06\/dicomPACS-DX-R-Akquisitions-Befundsoftware.jpg\" class=\"attachment-teaser size-teaser\" alt=\"\" decoding=\"async\" srcset=\"https:\/\/www.roentgen-service.ch\/wp-content\/uploads\/2023\/06\/dicomPACS-DX-R-Akquisitions-Befundsoftware.jpg 1000w, https:\/\/www.roentgen-service.ch\/wp-content\/uploads\/2023\/06\/dicomPACS-DX-R-Akquisitions-Befundsoftware-300x195.jpg 300w, https:\/\/www.roentgen-service.ch\/wp-content\/uploads\/2023\/06\/dicomPACS-DX-R-Akquisitions-Befundsoftware-768x499.jpg 768w, https:\/\/www.roentgen-service.ch\/wp-content\/uploads\/2023\/06\/dicomPACS-DX-R-Akquisitions-Befundsoftware-900x585.jpg 900w, https:\/\/www.roentgen-service.ch\/wp-content\/uploads\/2023\/06\/dicomPACS-DX-R-Akquisitions-Befundsoftware-600x390.jpg 600w\" sizes=\"(max-width: 769px) 100vw, 769px\" \/>            <\/div>\n    <div class=\"teaser__title-wrapper\">\n        <h3 class=\"teaser__title\">Acquisition software<\/h3>\n                    <p class=\"teaser__text\">Simple and intuitive acquisition software for integrating the complete digital X-ray system.<\/p>\n            <\/div>\n    <div class=\"wp-block-buttons teaser__actions\">\n        <div class=\"wp-block-button is-style-small teaser__read-more\">\n            <span class=\"wp-block-button__link\">\n                To the offer            <\/span>\n        <\/div>\n    <\/div>\n<\/a>\n\n<a class=\"hentry wp-block-roentgen-service-teaser\" href=\"https:\/\/www.roentgen-service.ch\/en\/products\/human-medicine\/software\/pacs-image-management\/\">\n    <div class=\"teaser__thumbnail-wrapper\">\n        <img loading=\"lazy\" width=\"769\" height=\"500\" src=\"https:\/\/www.roentgen-service.ch\/wp-content\/uploads\/2024\/09\/Bildmanagementsystems-dicomPACS-human1.jpg\" class=\"attachment-teaser size-teaser\" alt=\"\" decoding=\"async\" srcset=\"https:\/\/www.roentgen-service.ch\/wp-content\/uploads\/2024\/09\/Bildmanagementsystems-dicomPACS-human1.jpg 1000w, https:\/\/www.roentgen-service.ch\/wp-content\/uploads\/2024\/09\/Bildmanagementsystems-dicomPACS-human1-300x195.jpg 300w, https:\/\/www.roentgen-service.ch\/wp-content\/uploads\/2024\/09\/Bildmanagementsystems-dicomPACS-human1-768x499.jpg 768w, https:\/\/www.roentgen-service.ch\/wp-content\/uploads\/2024\/09\/Bildmanagementsystems-dicomPACS-human1-900x585.jpg 900w, https:\/\/www.roentgen-service.ch\/wp-content\/uploads\/2024\/09\/Bildmanagementsystems-dicomPACS-human1-600x390.jpg 600w\" sizes=\"(max-width: 769px) 100vw, 769px\" \/>            <\/div>\n    <div class=\"teaser__title-wrapper\">\n        <h3 class=\"teaser__title\">PACS \/ image management<\/h3>\n                    <p class=\"teaser__text\">Basic and application-specific PACS software modules for digital image management.<\/p>\n            <\/div>\n    <div class=\"wp-block-buttons teaser__actions\">\n        <div class=\"wp-block-button is-style-small teaser__read-more\">\n            <span class=\"wp-block-button__link\">\n                To the offer            <\/span>\n        <\/div>\n    <\/div>\n<\/a>\n\n<a class=\"hentry wp-block-roentgen-service-teaser\" href=\"https:\/\/www.roentgen-service.ch\/en\/human-medicine\/x-ray-accessories\/\">\n    <div class=\"teaser__thumbnail-wrapper\">\n        <img loading=\"lazy\" width=\"750\" height=\"500\" src=\"https:\/\/www.roentgen-service.ch\/wp-content\/uploads\/2024\/09\/iStock-2138411222-scaled.jpg\" class=\"attachment-teaser size-teaser\" alt=\"\" decoding=\"async\" srcset=\"https:\/\/www.roentgen-service.ch\/wp-content\/uploads\/2024\/09\/iStock-2138411222-scaled.jpg 2560w, https:\/\/www.roentgen-service.ch\/wp-content\/uploads\/2024\/09\/iStock-2138411222-300x200.jpg 300w, https:\/\/www.roentgen-service.ch\/wp-content\/uploads\/2024\/09\/iStock-2138411222-1024x683.jpg 1024w, https:\/\/www.roentgen-service.ch\/wp-content\/uploads\/2024\/09\/iStock-2138411222-768x512.jpg 768w, https:\/\/www.roentgen-service.ch\/wp-content\/uploads\/2024\/09\/iStock-2138411222-1536x1024.jpg 1536w, https:\/\/www.roentgen-service.ch\/wp-content\/uploads\/2024\/09\/iStock-2138411222-2048x1365.jpg 2048w, https:\/\/www.roentgen-service.ch\/wp-content\/uploads\/2024\/09\/iStock-2138411222-900x600.jpg 900w, https:\/\/www.roentgen-service.ch\/wp-content\/uploads\/2024\/09\/iStock-2138411222-600x400.jpg 600w\" sizes=\"(max-width: 750px) 100vw, 750px\" \/>            <\/div>\n    <div class=\"teaser__title-wrapper\">\n        <h3 class=\"teaser__title\">X-ray accessories<\/h3>\n                    <p class=\"teaser__text\">Our range of X-ray accessories includes various accessories and aids.<\/p>\n            <\/div>\n    <div class=\"wp-block-buttons teaser__actions\">\n        <div class=\"wp-block-button is-style-small teaser__read-more\">\n            <span class=\"wp-block-button__link\">\n                To the offer            <\/span>\n        <\/div>\n    <\/div>\n<\/a>\n\n<a class=\"hentry has-badge wp-block-roentgen-service-teaser\" href=\"https:\/\/www.roentgen-service.ch\/en\/contact\/\">\n    <div class=\"teaser__thumbnail-wrapper\">\n        <img loading=\"lazy\" width=\"769\" height=\"500\" src=\"https:\/\/www.roentgen-service.ch\/wp-content\/uploads\/2023\/06\/Digital-U-arm-X-ray-machine-Amadeo-Z-motorised-Schwenkbuegel-Roentgen-3.jpg\" class=\"attachment-teaser size-teaser\" alt=\"\" decoding=\"async\" srcset=\"https:\/\/www.roentgen-service.ch\/wp-content\/uploads\/2023\/06\/Digital-U-arm-X-ray-machine-Amadeo-Z-motorised-Schwenkbuegel-Roentgen-3.jpg 1000w, https:\/\/www.roentgen-service.ch\/wp-content\/uploads\/2023\/06\/Digital-U-arm-X-ray-machine-Amadeo-Z-motorised-Schwenkbuegel-Roentgen-3-300x195.jpg 300w, https:\/\/www.roentgen-service.ch\/wp-content\/uploads\/2023\/06\/Digital-U-arm-X-ray-machine-Amadeo-Z-motorised-Schwenkbuegel-Roentgen-3-768x499.jpg 768w, https:\/\/www.roentgen-service.ch\/wp-content\/uploads\/2023\/06\/Digital-U-arm-X-ray-machine-Amadeo-Z-motorised-Schwenkbuegel-Roentgen-3-900x585.jpg 900w, https:\/\/www.roentgen-service.ch\/wp-content\/uploads\/2023\/06\/Digital-U-arm-X-ray-machine-Amadeo-Z-motorised-Schwenkbuegel-Roentgen-3-600x390.jpg 600w\" sizes=\"(max-width: 769px) 100vw, 769px\" \/>                    <span class=\"badge\">Used<\/span>\n            <\/div>\n    <div class=\"teaser__title-wrapper\">\n        <h3 class=\"teaser__title\">Second-hand systems<\/h3>\n                    <p class=\"teaser__text\">Contact us at any time if you are interested in a used X-ray system.<\/p>\n            <\/div>\n    <div class=\"wp-block-buttons teaser__actions\">\n        <div class=\"wp-block-button is-style-small teaser__read-more\">\n            <span class=\"wp-block-button__link\">\n                Contact us            <\/span>\n        <\/div>\n    <\/div>\n<\/a><\/div>\n\n\n\n<div class=\"wp-block-group alignwide has-primary-light-background-color has-background is-layout-flow wp-block-group-is-layout-flow\">\n<div class=\"wp-block-group is-content-justification-space-between is-layout-flex wp-container-3 wp-block-group-is-layout-flex\">\n<h2 class=\"wp-block-heading\">Checklist when purchasing an X-ray system<\/h2>\n\n\n\n<div class=\"wp-block-buttons is-layout-flex wp-block-buttons-is-layout-flex\">\n<div class=\"wp-block-button is-style-small\"><a class=\"wp-block-button__link wp-element-button\" href=\"https:\/\/www.roentgen-service.ch\/en\/support\/#fragen\">To the frequently asked questions &amp; tips<\/a><\/div>\n<\/div>\n<\/div>\n\n\n\n<div class=\"wp-block-group tiles-with-icon is-content-justification-space-between is-nowrap is-layout-flex wp-container-12 wp-block-group-is-layout-flex\">\n<div class=\"wp-block-group is-layout-constrained wp-block-group-is-layout-constrained\"><div class=\"wp-block-roentgen-service-icon\">\n    <i class=\"icon icon-people-robbery\"><\/i>\n<\/div>\n\n\n<div class=\"wp-block-group is-layout-constrained wp-block-group-is-layout-constrained\">\n<p><strong>Ask colleagues<\/strong><\/p>\n\n\n\n<p>Personal recommendations often help in choosing the right provider.<\/p>\n<\/div>\n<\/div>\n\n\n\n<div class=\"wp-block-group is-layout-constrained wp-block-group-is-layout-constrained\"><div class=\"wp-block-roentgen-service-icon\">\n    <i class=\"icon icon-glasses\"><\/i>\n<\/div>\n\n\n<div class=\"wp-block-group is-layout-constrained wp-block-group-is-layout-constrained\">\n<p><strong>Do your research<\/strong><\/p>\n\n\n\n<p>Get your own impression of the recommended providers.<\/p>\n<\/div>\n<\/div>\n\n\n\n<div class=\"wp-block-group is-layout-constrained wp-block-group-is-layout-constrained\"><div class=\"wp-block-roentgen-service-icon\">\n    <i class=\"icon icon-comments-question-check\"><\/i>\n<\/div>\n\n\n<div class=\"wp-block-group is-layout-constrained wp-block-group-is-layout-constrained\">\n<p><strong>Let us advise you<\/strong><\/p>\n\n\n\n<p>Personal advice is essential in order to find a suitable product.<\/p>\n<\/div>\n<\/div>\n\n\n\n<div class=\"wp-block-group is-layout-constrained wp-block-group-is-layout-constrained\"><div class=\"wp-block-roentgen-service-icon\">\n    <i class=\"icon icon-phone-volume-thin\"><\/i>\n<\/div>\n\n\n<div class=\"wp-block-group is-layout-constrained wp-block-group-is-layout-constrained\">\n<p><strong>Ask about support<\/strong><\/p>\n\n\n\n<p>Problems must be solved quickly. You should therefore enquire about the support offer in advance.<\/p>\n<\/div>\n<\/div>\n<\/div>\n<\/div>","protected":false},"excerpt":{"rendered":"<p>Digitales R\u00f6ntgen f\u00fcr die Humanmedizin in der Schweiz \u2013 Station\u00e4re Systeme, PACS &amp; Nachr\u00fcstl\u00f6sungen Digitales R\u00f6ntgen f\u00fcr die Humanmedizin in der Schweiz steht bei uns f\u00fcr h\u00f6chste Bildqualit\u00e4t, reduzierte Strahlendosis und effiziente Arbeitsabl\u00e4ufe. Unser Produktportfolio umfasst vornehmlich station\u00e4re, digitale R\u00f6ntgensysteme, L\u00f6sungen zur Digitalisierung bestehender R\u00f6ntgenanlagen sowie modernste digitale Bildempf\u00e4ngersysteme. F\u00fcr alle Systeme bieten wir eine [&hellip;]<\/p>","protected":false},"author":1,"featured_media":0,"parent":0,"menu_order":0,"comment_status":"closed","ping_status":"closed","template":"","meta":{"footnotes":""},"acf":[],"_links":{"self":[{"href":"https:\/\/www.roentgen-service.ch\/en\/wp-json\/wp\/v2\/pages\/51"}],"collection":[{"href":"https:\/\/www.roentgen-service.ch\/en\/wp-json\/wp\/v2\/pages"}],"about":[{"href":"https:\/\/www.roentgen-service.ch\/en\/wp-json\/wp\/v2\/types\/page"}],"author":[{"embeddable":true,"href":"https:\/\/www.roentgen-service.ch\/en\/wp-json\/wp\/v2\/users\/1"}],"replies":[{"embeddable":true,"href":"https:\/\/www.roentgen-service.ch\/en\/wp-json\/wp\/v2\/comments?post=51"}],"version-history":[{"count":40,"href":"https:\/\/www.roentgen-service.ch\/en\/wp-json\/wp\/v2\/pages\/51\/revisions"}],"predecessor-version":[{"id":2064,"href":"https:\/\/www.roentgen-service.ch\/en\/wp-json\/wp\/v2\/pages\/51\/revisions\/2064"}],"wp:attachment":[{"href":"https:\/\/www.roentgen-service.ch\/en\/wp-json\/wp\/v2\/media?parent=51"}],"curies":[{"name":"wp","href":"https:\/\/api.w.org\/{rel}","templated":true}]}}